{"id":99,"date":"2013-10-31T14:20:05","date_gmt":"2013-10-31T13:20:05","guid":{"rendered":"http:\/\/cpsanjuandelacadena.educacion.navarra.es\/web\/2013\/10\/31\/mision-vision-y-valores\/"},"modified":"2019-12-09T12:03:55","modified_gmt":"2019-12-09T11:03:55","slug":"mision-vision-y-valores","status":"publish","type":"page","link":"https:\/\/cpsanjuandelacadena.educacion.navarra.es\/web\/mision-vision-y-valores\/","title":{"rendered":"Misi\u00f3n, visi\u00f3n y valores"},"content":{"rendered":"<h3>MISI\u00d3N<\/h3>\n<p>La raz\u00f3n de ser de nuestro centro es:<\/p>\n<p>&#8211; Formar personas competentes en todos los \u00e1mbitos: cognitivo, emocional y social y preparados para desarrollarse en un entorno cada vez m\u00e1s complejo y global.<br \/>\n&#8211; Conseguir que toda la comunidad educativa se implique, trabajando en la misma direcci\u00f3n.<br \/>\n&#8211; Posibilitar la formaci\u00f3n y motivar al profesorado para estar en actitud de apertura al cambio y la innovaci\u00f3n.<\/p>\n<h3>VISI\u00d3N<\/h3>\n<p>Nuestro centro aspira a:<\/p>\n<p><span style=\"line-height: 1.3em;\">&#8211; Educar integralmente al alumnado.<\/span><br \/>\n<span style=\"line-height: 1.3em;\">&#8211; Tener una comunidad educativa en la que todos sus integrantes participen activamente.<\/span><br \/>\n<span style=\"line-height: 1.3em;\">&#8211; Innovar educativa y metodol\u00f3gicamente.<\/span><br \/>\n<span style=\"line-height: 1.3em;\">&#8211; Aumentar el uso de las TIC (Tecnolog\u00edas de la informaci\u00f3n y la comunicaci\u00f3n) en el aula.<\/span><br \/>\n<span style=\"line-height: 1.3em;\">&#8211; Mejorar las competencias del alumnado en lenguas distintas del castellano.<\/span><\/p>\n<h3>VALORES<\/h3>\n<p>El centro pretende desarrollar los siguientes valores como referencia a nuestros comportamientos y actitudes:<\/p>\n<p><span style=\"line-height: 1.3em;\">&#8211; Unas relaciones de todos los integrantes de la comunidad escolar basadas en el respeto, en la igualdad, en principios democr\u00e1ticos, en compa\u00f1erismo y colaboraci\u00f3n.<\/span><br \/>\n<span style=\"line-height: 1.3em;\">&#8211; El trabajo conjunto de profesorado y alumnado con esfuerzo, af\u00e1n de superaci\u00f3n y mejora continua, soportados en la atenci\u00f3n, la investigaci\u00f3n y la creatividad.<\/span><br \/>\n<span style=\"line-height: 1.3em;\">&#8211; El reconocimiento del trabajo y esfuerzo conjuntos como forma de estimulaci\u00f3n y de creaci\u00f3n de un sentimiento de orgullo de pertenencia al centro.<\/span><br \/>\n<span style=\"line-height: 1.3em;\">&#8211; La formaci\u00f3n de nuestros alumnos y alumnas como personas aut\u00f3nomas, con sentido cr\u00edtico y capaces de tomar decisiones.<\/span><br \/>\n<span style=\"line-height: 1.3em;\">&#8211; El respecto a los diversos ritmos de desarrollo y madurez.<\/span><br \/>\n<span style=\"line-height: 1.3em;\">&#8211; Uso cr\u00edtico de las tecnolog\u00edas de la informaci\u00f3n y comunicaci\u00f3n en el proceso educativo.<\/span><br \/>\n<span style=\"line-height: 1.3em;\">&#8211; La responsabilidad en relaci\u00f3n con el cuidado del material, las instalaciones y el medio ambiente, dentro del recinto del centro y trascendiendo a otros \u00e1mbitos de nuestro entorno.<\/span><br \/>\n<span style=\"line-height: 1.3em;\">&#8211; La resoluci\u00f3n positiva de conflictos que puedan surgir.<\/span><\/p>\n","protected":false},"excerpt":{"rendered":"<p>MISI\u00d3N La raz\u00f3n de ser de nuestro centro es: &#8211; Formar personas competentes en todos los \u00e1mbitos: cognitivo, emocional y social y preparados para desarrollarse en un entorno cada vez m\u00e1s complejo y global. &#8211; Conseguir que toda la comunidad educativa se implique, trabajando en la misma direcci\u00f3n. &#8211; Posibilitar la formaci\u00f3n y motivar al [&hellip;]<\/p>\n","protected":false},"author":1,"featured_media":0,"parent":0,"menu_order":4,"comment_status":"closed","ping_status":"closed","template":"","meta":{"_genesis_hide_title":false,"_genesis_hide_breadcrumbs":false,"_genesis_hide_singular_image":false,"_genesis_hide_footer_widgets":false,"_genesis_custom_body_class":"","_genesis_custom_post_class":"","_genesis_layout":""},"yoast_head":"<!-- This site is optimized with the Yoast SEO plugin v19.13 - https:\/\/yoast.com\/wordpress\/plugins\/seo\/ -->\n<title>Misi\u00f3n, visi\u00f3n y valores - CP San Juan de la Cadena - Pamplona<\/title>\n<meta name=\"robots\" content=\"index, follow, max-snippet:-1, max-image-preview:large, max-video-preview:-1\" \/>\n<link rel=\"canonical\" href=\"https:\/\/cpsanjuandelacadena.educacion.navarra.es\/web\/mision-vision-y-valores\/\" \/>\n<meta property=\"og:locale\" content=\"es_ES\" \/>\n<meta property=\"og:type\" content=\"article\" \/>\n<meta property=\"og:title\" content=\"Misi\u00f3n, visi\u00f3n y valores - CP San Juan de la Cadena - Pamplona\" \/>\n<meta property=\"og:description\" content=\"MISI\u00d3N La raz\u00f3n de ser de nuestro centro es: &#8211; Formar personas competentes en todos los \u00e1mbitos: cognitivo, emocional y social y preparados para desarrollarse en un entorno cada vez m\u00e1s complejo y global. &#8211; Conseguir que toda la comunidad educativa se implique, trabajando en la misma direcci\u00f3n. &#8211; Posibilitar la formaci\u00f3n y motivar al [&hellip;]\" \/>\n<meta property=\"og:url\" content=\"https:\/\/cpsanjuandelacadena.educacion.navarra.es\/web\/mision-vision-y-valores\/\" \/>\n<meta property=\"og:site_name\" content=\"CP San Juan de la Cadena - Pamplona\" \/>\n<meta property=\"article:modified_time\" content=\"2019-12-09T11:03:55+00:00\" \/>\n<meta name=\"twitter:card\" content=\"summary_large_image\" \/>\n<meta name=\"twitter:label1\" content=\"Tiempo de lectura\" \/>\n\t<meta name=\"twitter:data1\" content=\"2 minutos\" \/>\n<script type=\"application\/ld+json\" class=\"yoast-schema-graph\">{\"@context\":\"https:\/\/schema.org\",\"@graph\":[{\"@type\":\"WebPage\",\"@id\":\"https:\/\/cpsanjuandelacadena.educacion.navarra.es\/web\/mision-vision-y-valores\/\",\"url\":\"https:\/\/cpsanjuandelacadena.educacion.navarra.es\/web\/mision-vision-y-valores\/\",\"name\":\"Misi\u00f3n, visi\u00f3n y valores - CP San Juan de la Cadena - Pamplona\",\"isPartOf\":{\"@id\":\"https:\/\/cpsanjuandelacadena.educacion.navarra.es\/web\/#website\"},\"datePublished\":\"2013-10-31T13:20:05+00:00\",\"dateModified\":\"2019-12-09T11:03:55+00:00\",\"breadcrumb\":{\"@id\":\"https:\/\/cpsanjuandelacadena.educacion.navarra.es\/web\/mision-vision-y-valores\/#breadcrumb\"},\"inLanguage\":\"es\",\"potentialAction\":[{\"@type\":\"ReadAction\",\"target\":[\"https:\/\/cpsanjuandelacadena.educacion.navarra.es\/web\/mision-vision-y-valores\/\"]}]},{\"@type\":\"BreadcrumbList\",\"@id\":\"https:\/\/cpsanjuandelacadena.educacion.navarra.es\/web\/mision-vision-y-valores\/#breadcrumb\",\"itemListElement\":[{\"@type\":\"ListItem\",\"position\":1,\"name\":\"Home\",\"item\":\"https:\/\/cpsanjuandelacadena.educacion.navarra.es\/web\/\"},{\"@type\":\"ListItem\",\"position\":2,\"name\":\"Misi\u00f3n, visi\u00f3n y valores\"}]},{\"@type\":\"WebSite\",\"@id\":\"https:\/\/cpsanjuandelacadena.educacion.navarra.es\/web\/#website\",\"url\":\"https:\/\/cpsanjuandelacadena.educacion.navarra.es\/web\/\",\"name\":\"CP San Juan de la Cadena - Pamplona\",\"description\":\"Sitio web del CP San Juan de la Cadena\",\"potentialAction\":[{\"@type\":\"SearchAction\",\"target\":{\"@type\":\"EntryPoint\",\"urlTemplate\":\"https:\/\/cpsanjuandelacadena.educacion.navarra.es\/web\/?s={search_term_string}\"},\"query-input\":\"required name=search_term_string\"}],\"inLanguage\":\"es\"}]}<\/script>\n<!-- \/ Yoast SEO plugin. -->","yoast_head_json":{"title":"Misi\u00f3n, visi\u00f3n y valores - CP San Juan de la Cadena - Pamplona","robots":{"index":"index","follow":"follow","max-snippet":"max-snippet:-1","max-image-preview":"max-image-preview:large","max-video-preview":"max-video-preview:-1"},"canonical":"https:\/\/cpsanjuandelacadena.educacion.navarra.es\/web\/mision-vision-y-valores\/","og_locale":"es_ES","og_type":"article","og_title":"Misi\u00f3n, visi\u00f3n y valores - CP San Juan de la Cadena - Pamplona","og_description":"MISI\u00d3N La raz\u00f3n de ser de nuestro centro es: &#8211; Formar personas competentes en todos los \u00e1mbitos: cognitivo, emocional y social y preparados para desarrollarse en un entorno cada vez m\u00e1s complejo y global. &#8211; Conseguir que toda la comunidad educativa se implique, trabajando en la misma direcci\u00f3n. &#8211; Posibilitar la formaci\u00f3n y motivar al [&hellip;]","og_url":"https:\/\/cpsanjuandelacadena.educacion.navarra.es\/web\/mision-vision-y-valores\/","og_site_name":"CP San Juan de la Cadena - Pamplona","article_modified_time":"2019-12-09T11:03:55+00:00","twitter_card":"summary_large_image","twitter_misc":{"Tiempo de lectura":"2 minutos"},"schema":{"@context":"https:\/\/schema.org","@graph":[{"@type":"WebPage","@id":"https:\/\/cpsanjuandelacadena.educacion.navarra.es\/web\/mision-vision-y-valores\/","url":"https:\/\/cpsanjuandelacadena.educacion.navarra.es\/web\/mision-vision-y-valores\/","name":"Misi\u00f3n, visi\u00f3n y valores - CP San Juan de la Cadena - Pamplona","isPartOf":{"@id":"https:\/\/cpsanjuandelacadena.educacion.navarra.es\/web\/#website"},"datePublished":"2013-10-31T13:20:05+00:00","dateModified":"2019-12-09T11:03:55+00:00","breadcrumb":{"@id":"https:\/\/cpsanjuandelacadena.educacion.navarra.es\/web\/mision-vision-y-valores\/#breadcrumb"},"inLanguage":"es","potentialAction":[{"@type":"ReadAction","target":["https:\/\/cpsanjuandelacadena.educacion.navarra.es\/web\/mision-vision-y-valores\/"]}]},{"@type":"BreadcrumbList","@id":"https:\/\/cpsanjuandelacadena.educacion.navarra.es\/web\/mision-vision-y-valores\/#breadcrumb","itemListElement":[{"@type":"ListItem","position":1,"name":"Home","item":"https:\/\/cpsanjuandelacadena.educacion.navarra.es\/web\/"},{"@type":"ListItem","position":2,"name":"Misi\u00f3n, visi\u00f3n y valores"}]},{"@type":"WebSite","@id":"https:\/\/cpsanjuandelacadena.educacion.navarra.es\/web\/#website","url":"https:\/\/cpsanjuandelacadena.educacion.navarra.es\/web\/","name":"CP San Juan de la Cadena - Pamplona","description":"Sitio web del CP San Juan de la Cadena","potentialAction":[{"@type":"SearchAction","target":{"@type":"EntryPoint","urlTemplate":"https:\/\/cpsanjuandelacadena.educacion.navarra.es\/web\/?s={search_term_string}"},"query-input":"required name=search_term_string"}],"inLanguage":"es"}]}},"_links":{"self":[{"href":"https:\/\/cpsanjuandelacadena.educacion.navarra.es\/web\/wp-json\/wp\/v2\/pages\/99"}],"collection":[{"href":"https:\/\/cpsanjuandelacadena.educacion.navarra.es\/web\/wp-json\/wp\/v2\/pages"}],"about":[{"href":"https:\/\/cpsanjuandelacadena.educacion.navarra.es\/web\/wp-json\/wp\/v2\/types\/page"}],"author":[{"embeddable":true,"href":"https:\/\/cpsanjuandelacadena.educacion.navarra.es\/web\/wp-json\/wp\/v2\/users\/1"}],"replies":[{"embeddable":true,"href":"https:\/\/cpsanjuandelacadena.educacion.navarra.es\/web\/wp-json\/wp\/v2\/comments?post=99"}],"version-history":[{"count":0,"href":"https:\/\/cpsanjuandelacadena.educacion.navarra.es\/web\/wp-json\/wp\/v2\/pages\/99\/revisions"}],"wp:attachment":[{"href":"https:\/\/cpsanjuandelacadena.educacion.navarra.es\/web\/wp-json\/wp\/v2\/media?parent=99"}],"curies":[{"name":"wp","href":"https:\/\/api.w.org\/{rel}","templated":true}]}}