{"id":39,"date":"2011-06-08T09:10:56","date_gmt":"2011-06-08T07:10:56","guid":{"rendered":"http:\/\/cpsanjuandelacadena.educacion.navarra.es\/web\/2011\/06\/08\/tutores\/"},"modified":"2026-03-06T13:33:58","modified_gmt":"2026-03-06T12:33:58","slug":"tutorias","status":"publish","type":"page","link":"https:\/\/cpsanjuandelacadena.educacion.navarra.es\/web\/tutorias\/","title":{"rendered":"Tutor\u00edas"},"content":{"rendered":"<p>Cada grupo cuenta con un profesor\/a-tutor\/a. Dentro de su horario tiene reservada una hora para atenci\u00f3n a las familias.<br \/>\nCon el fin de evitar esperas y posibilitar la preparaci\u00f3n de las reuniones, es aconsejable acordar la tutor\u00eda por tel\u00e9fono, v\u00eda email, con una nota o por medio de la agenda a partir segundo de primaria, que cuenta con un apartado destinado a esta funci\u00f3n. El d\u00eda preferente es el martes.<\/p>\n<p>Durante este curso la reuni\u00f3n de tutor\u00eda ser\u00e1 presencial u online. El tutor o tutora convendr\u00e1 con la familia el medio de dicha reuni\u00f3n.<\/p>\n<p>El centro tiene establecido realizar como m\u00ednimo\u00a0dos entrevistas durante el curso (una antes del 31 de enero y la segunda en el tercer trimestre) entre el tutor o la tutora y las familias. El tutor o tutora transmitir\u00e1 tambi\u00e9n la informaci\u00f3n del profesorado especialista, aunque \u00e9ste est\u00e1 disponible para hablar con las familias si as\u00ed se le solicita.<\/p>\n<p>Los tutores y tutoras de los diferentes grupos son los siguientes:<\/p>\n<table border=\"0\" cellspacing=\"1\" cellpadding=\"1\">\n<tbody>\n<tr>\n<td><strong><span style=\"color: #0000ff;\">3 a\u00f1os A: Mar\u00eda Landa<\/span><\/strong><\/td>\n<td><strong><span style=\"color: #0000ff;\">3 a\u00f1os B: Javier Zu\u00f1iga<\/span><\/strong><\/td>\n<\/tr>\n<tr>\n<td><strong><span style=\"color: #0000ff;\">4 a\u00f1os A: Alicia Pena<\/span><\/strong><\/td>\n<td><strong><span style=\"color: #0000ff;\">4 a\u00f1os B: Maitane Arregui<\/span><\/strong><\/td>\n<\/tr>\n<tr>\n<td><strong><span style=\"color: #0000ff;\">5 a\u00f1os A: Beatriz Jim\u00e9nez<\/span><\/strong><\/td>\n<td><strong><span style=\"color: #0000ff;\">5 a\u00f1os B: Nuria Loscos<\/span><\/strong><\/td>\n<\/tr>\n<tr>\n<td><strong><span style=\"color: #339966;\">1\u00baA: Irache Fern\u00e1ndez<\/span><\/strong><\/td>\n<td><strong><span style=\"color: #339966;\">1\u00baB: Elisa Aristu<\/span><\/strong><\/td>\n<\/tr>\n<tr>\n<td><strong><span style=\"color: #339966;\">2\u00baA: Nora Garc\u00eda<\/span><\/strong><\/td>\n<td><strong><span style=\"color: #339966;\">2\u00baB: \u00c1lex Fiol<\/span><\/strong><\/td>\n<\/tr>\n<tr>\n<td><strong><span style=\"color: #339966;\">3\u00baA: Arsenia Echavarren<\/span><\/strong><\/td>\n<td><strong><span style=\"color: #339966;\">3\u00baB: Yolanda Izurzu<\/span><\/strong><\/td>\n<\/tr>\n<tr>\n<td><strong><span style=\"color: #339966;\">4\u00baA: Susana Arag\u00f3n<\/span><\/strong><\/td>\n<td><strong><span style=\"color: #339966;\">4\u00baB: Pilar Ay\u00facar<\/span><\/strong><\/td>\n<\/tr>\n<tr>\n<td><strong><span style=\"color: #339966;\">5\u00baA: M\u00aaJose Moreno<\/span><\/strong><\/td>\n<td><strong><span style=\"color: #339966;\">5\u00baB: Paula Sanchez<\/span><\/strong><\/td>\n<\/tr>\n<tr>\n<td><\/td>\n<td><\/td>\n<\/tr>\n<tr>\n<td><strong><span style=\"color: #339966;\">6\u00baA: Andrea Scholf \/ Javier Iglesias<\/span><\/strong><\/td>\n<td><strong><span style=\"color: #339966;\">6\u00baB: Maider Ariz<\/span><\/strong><\/td>\n<\/tr>\n<tr>\n<td><strong><span style=\"color: #339966;\">6\u00baC: Leire Equiza<\/span><\/strong><\/td>\n<td><\/td>\n<\/tr>\n<tr>\n<td><\/td>\n<td><\/td>\n<\/tr>\n<tr>\n<td><\/td>\n<td><\/td>\n<\/tr>\n<\/tbody>\n<\/table>\n<p><span style=\"color: #000080;\"><strong>Orientadora:<\/strong> <\/span>Carmen Patern\u00e1in<\/p>\n<p><b>Orientadora Infantil: Paula Mariscal<\/b><\/p>\n<p><span style=\"color: #000080;\"><strong>Resto profesorado:<\/strong><\/span><\/p>\n<p><span style=\"color: #008000;\"><strong>PRIMARIA:<\/strong><\/span><\/p>\n<p><span style=\"color: #008000;\"><strong>Ingl\u00e9s:<\/strong><\/span> Sonia Fern\u00e1ndez<\/p>\n<p><span style=\"color: #008000;\"><strong>Alem\u00e1n: <\/strong><span style=\"color: #000000;\">Andrea Scholf<\/span><\/span><\/p>\n<p><span style=\"color: #008000;\"><strong>Franc\u00e9s:<\/strong> <span style=\"color: #000000;\">M\u00aaJos\u00e9 Moreno \/ \u00c1ngela Osle<\/span><\/span><\/p>\n<p><span style=\"color: #008000;\"><strong>Euskera:<\/strong><\/span><span style=\"font-size: inherit;\"> Alicia Huarte \/ Josune Blanco<\/span><\/p>\n<p><span style=\"color: #008000;\"><strong>M\u00fasica:<\/strong><\/span> Ibai L\u00f3pez \/ Ana Sanchez<\/p>\n<p><span style=\"color: #008000;\"><strong>Educaci\u00f3n F\u00edsica:<\/strong><\/span> Leandro Fern\u00e1ndez \/ Javier Iglesias<\/p>\n<p><span style=\"color: #008000;\"><strong>Talleres castellano: <\/strong><span style=\"color: #000000;\">\u00a0Reyes Lloret<\/span><\/span><\/p>\n<p><span style=\"color: #008000;\"><strong>Religi\u00f3n:<\/strong><\/span> Maribel Lizarraga<\/p>\n<p><span style=\"color: #008000;\"><strong>P.T.:<\/strong><\/span> Nora Redondo\/ Susana Azorin<\/p>\n<p><span style=\"color: #008000;\"><strong>Minor\u00edas:<\/strong><\/span> M\u00aaJes\u00fas Mar\u00edn<\/p>\n<p><span style=\"color: #0000ff;\"><strong>INFANTIL:<\/strong><\/span><\/p>\n<p><span style=\"color: #0000ff;\"><strong>Euskera:<\/strong> Josune Blanco<\/span><\/p>\n<p><span style=\"color: #0000ff;\"><strong>Talleres: Elisa Arrar\u00e1s<\/strong><\/span><\/p>\n<p><span style=\"color: #0000ff;\"><strong>Apoyo castellano:<\/strong><\/span><\/p>\n<p><span style=\"color: #0000ff;\"><strong>Religi\u00f3n: <\/strong><span style=\"color: #000000;\">Maribel Lizarraga<\/span><\/span><\/p>\n<p><span style=\"color: #800080;\"><strong>Logopeda (infantil\/primaria):<\/strong><\/span> Alicia Otamendi\/ Nerea Elizalde<\/p>\n<p><span style=\"color: #800080;\"><strong>P.T (infantil):<\/strong><\/span> Susana Azorin<\/p>\n","protected":false},"excerpt":{"rendered":"<p>Cada grupo cuenta con un profesor\/a-tutor\/a. Dentro de su horario tiene reservada una hora para atenci\u00f3n a las familias. Con el fin de evitar esperas y posibilitar la preparaci\u00f3n de las reuniones, es aconsejable acordar la tutor\u00eda por tel\u00e9fono, v\u00eda email, con una nota o por medio de la agenda a partir segundo de primaria, [&hellip;]<\/p>\n","protected":false},"author":1,"featured_media":0,"parent":0,"menu_order":10,"comment_status":"closed","ping_status":"closed","template":"","meta":{"_genesis_hide_title":false,"_genesis_hide_breadcrumbs":false,"_genesis_hide_singular_image":false,"_genesis_hide_footer_widgets":false,"_genesis_custom_body_class":"","_genesis_custom_post_class":"","_genesis_layout":""},"yoast_head":"<!-- This site is optimized with the Yoast SEO plugin v19.13 - https:\/\/yoast.com\/wordpress\/plugins\/seo\/ -->\n<title>Tutor\u00edas - CP San Juan de la Cadena - Pamplona<\/title>\n<meta name=\"robots\" content=\"index, follow, max-snippet:-1, max-image-preview:large, max-video-preview:-1\" \/>\n<link rel=\"canonical\" href=\"https:\/\/cpsanjuandelacadena.educacion.navarra.es\/web\/tutorias\/\" \/>\n<meta property=\"og:locale\" content=\"es_ES\" \/>\n<meta property=\"og:type\" content=\"article\" \/>\n<meta property=\"og:title\" content=\"Tutor\u00edas - CP San Juan de la Cadena - Pamplona\" \/>\n<meta property=\"og:description\" content=\"Cada grupo cuenta con un profesor\/a-tutor\/a. Dentro de su horario tiene reservada una hora para atenci\u00f3n a las familias. Con el fin de evitar esperas y posibilitar la preparaci\u00f3n de las reuniones, es aconsejable acordar la tutor\u00eda por tel\u00e9fono, v\u00eda email, con una nota o por medio de la agenda a partir segundo de primaria, [&hellip;]\" \/>\n<meta property=\"og:url\" content=\"https:\/\/cpsanjuandelacadena.educacion.navarra.es\/web\/tutorias\/\" \/>\n<meta property=\"og:site_name\" content=\"CP San Juan de la Cadena - Pamplona\" \/>\n<meta property=\"article:modified_time\" content=\"2026-03-06T12:33:58+00:00\" \/>\n<meta name=\"twitter:card\" content=\"summary_large_image\" \/>\n<meta name=\"twitter:label1\" content=\"Tiempo de lectura\" \/>\n\t<meta name=\"twitter:data1\" content=\"2 minutos\" \/>\n<script type=\"application\/ld+json\" class=\"yoast-schema-graph\">{\"@context\":\"https:\/\/schema.org\",\"@graph\":[{\"@type\":\"WebPage\",\"@id\":\"https:\/\/cpsanjuandelacadena.educacion.navarra.es\/web\/tutorias\/\",\"url\":\"https:\/\/cpsanjuandelacadena.educacion.navarra.es\/web\/tutorias\/\",\"name\":\"Tutor\u00edas - CP San Juan de la Cadena - Pamplona\",\"isPartOf\":{\"@id\":\"https:\/\/cpsanjuandelacadena.educacion.navarra.es\/web\/#website\"},\"datePublished\":\"2011-06-08T07:10:56+00:00\",\"dateModified\":\"2026-03-06T12:33:58+00:00\",\"breadcrumb\":{\"@id\":\"https:\/\/cpsanjuandelacadena.educacion.navarra.es\/web\/tutorias\/#breadcrumb\"},\"inLanguage\":\"es\",\"potentialAction\":[{\"@type\":\"ReadAction\",\"target\":[\"https:\/\/cpsanjuandelacadena.educacion.navarra.es\/web\/tutorias\/\"]}]},{\"@type\":\"BreadcrumbList\",\"@id\":\"https:\/\/cpsanjuandelacadena.educacion.navarra.es\/web\/tutorias\/#breadcrumb\",\"itemListElement\":[{\"@type\":\"ListItem\",\"position\":1,\"name\":\"Home\",\"item\":\"https:\/\/cpsanjuandelacadena.educacion.navarra.es\/web\/\"},{\"@type\":\"ListItem\",\"position\":2,\"name\":\"Tutor\u00edas\"}]},{\"@type\":\"WebSite\",\"@id\":\"https:\/\/cpsanjuandelacadena.educacion.navarra.es\/web\/#website\",\"url\":\"https:\/\/cpsanjuandelacadena.educacion.navarra.es\/web\/\",\"name\":\"CP San Juan de la Cadena - Pamplona\",\"description\":\"Sitio web del CP San Juan de la Cadena\",\"potentialAction\":[{\"@type\":\"SearchAction\",\"target\":{\"@type\":\"EntryPoint\",\"urlTemplate\":\"https:\/\/cpsanjuandelacadena.educacion.navarra.es\/web\/?s={search_term_string}\"},\"query-input\":\"required name=search_term_string\"}],\"inLanguage\":\"es\"}]}<\/script>\n<!-- \/ Yoast SEO plugin. -->","yoast_head_json":{"title":"Tutor\u00edas - CP San Juan de la Cadena - Pamplona","robots":{"index":"index","follow":"follow","max-snippet":"max-snippet:-1","max-image-preview":"max-image-preview:large","max-video-preview":"max-video-preview:-1"},"canonical":"https:\/\/cpsanjuandelacadena.educacion.navarra.es\/web\/tutorias\/","og_locale":"es_ES","og_type":"article","og_title":"Tutor\u00edas - CP San Juan de la Cadena - Pamplona","og_description":"Cada grupo cuenta con un profesor\/a-tutor\/a. Dentro de su horario tiene reservada una hora para atenci\u00f3n a las familias. Con el fin de evitar esperas y posibilitar la preparaci\u00f3n de las reuniones, es aconsejable acordar la tutor\u00eda por tel\u00e9fono, v\u00eda email, con una nota o por medio de la agenda a partir segundo de primaria, [&hellip;]","og_url":"https:\/\/cpsanjuandelacadena.educacion.navarra.es\/web\/tutorias\/","og_site_name":"CP San Juan de la Cadena - Pamplona","article_modified_time":"2026-03-06T12:33:58+00:00","twitter_card":"summary_large_image","twitter_misc":{"Tiempo de lectura":"2 minutos"},"schema":{"@context":"https:\/\/schema.org","@graph":[{"@type":"WebPage","@id":"https:\/\/cpsanjuandelacadena.educacion.navarra.es\/web\/tutorias\/","url":"https:\/\/cpsanjuandelacadena.educacion.navarra.es\/web\/tutorias\/","name":"Tutor\u00edas - CP San Juan de la Cadena - Pamplona","isPartOf":{"@id":"https:\/\/cpsanjuandelacadena.educacion.navarra.es\/web\/#website"},"datePublished":"2011-06-08T07:10:56+00:00","dateModified":"2026-03-06T12:33:58+00:00","breadcrumb":{"@id":"https:\/\/cpsanjuandelacadena.educacion.navarra.es\/web\/tutorias\/#breadcrumb"},"inLanguage":"es","potentialAction":[{"@type":"ReadAction","target":["https:\/\/cpsanjuandelacadena.educacion.navarra.es\/web\/tutorias\/"]}]},{"@type":"BreadcrumbList","@id":"https:\/\/cpsanjuandelacadena.educacion.navarra.es\/web\/tutorias\/#breadcrumb","itemListElement":[{"@type":"ListItem","position":1,"name":"Home","item":"https:\/\/cpsanjuandelacadena.educacion.navarra.es\/web\/"},{"@type":"ListItem","position":2,"name":"Tutor\u00edas"}]},{"@type":"WebSite","@id":"https:\/\/cpsanjuandelacadena.educacion.navarra.es\/web\/#website","url":"https:\/\/cpsanjuandelacadena.educacion.navarra.es\/web\/","name":"CP San Juan de la Cadena - Pamplona","description":"Sitio web del CP San Juan de la Cadena","potentialAction":[{"@type":"SearchAction","target":{"@type":"EntryPoint","urlTemplate":"https:\/\/cpsanjuandelacadena.educacion.navarra.es\/web\/?s={search_term_string}"},"query-input":"required name=search_term_string"}],"inLanguage":"es"}]}},"_links":{"self":[{"href":"https:\/\/cpsanjuandelacadena.educacion.navarra.es\/web\/wp-json\/wp\/v2\/pages\/39"}],"collection":[{"href":"https:\/\/cpsanjuandelacadena.educacion.navarra.es\/web\/wp-json\/wp\/v2\/pages"}],"about":[{"href":"https:\/\/cpsanjuandelacadena.educacion.navarra.es\/web\/wp-json\/wp\/v2\/types\/page"}],"author":[{"embeddable":true,"href":"https:\/\/cpsanjuandelacadena.educacion.navarra.es\/web\/wp-json\/wp\/v2\/users\/1"}],"replies":[{"embeddable":true,"href":"https:\/\/cpsanjuandelacadena.educacion.navarra.es\/web\/wp-json\/wp\/v2\/comments?post=39"}],"version-history":[{"count":0,"href":"https:\/\/cpsanjuandelacadena.educacion.navarra.es\/web\/wp-json\/wp\/v2\/pages\/39\/revisions"}],"wp:attachment":[{"href":"https:\/\/cpsanjuandelacadena.educacion.navarra.es\/web\/wp-json\/wp\/v2\/media?parent=39"}],"curies":[{"name":"wp","href":"https:\/\/api.w.org\/{rel}","templated":true}]}}