{"id":35,"date":"2011-06-05T18:14:52","date_gmt":"2011-06-05T16:14:52","guid":{"rendered":"http:\/\/cpsanjuandelacadena.educacion.navarra.es\/web\/2011\/06\/05\/comedor-escolar\/"},"modified":"2026-01-19T13:35:59","modified_gmt":"2026-01-19T12:35:59","slug":"comedor-escolar","status":"publish","type":"page","link":"https:\/\/cpsanjuandelacadena.educacion.navarra.es\/web\/comedor-escolar\/","title":{"rendered":"Comedor escolar \/ Guarder\u00eda"},"content":{"rendered":"\n<p><strong><span class=\"has-inline-color has-vivid-red-color\">En breve se actualizar\u00e1 este informaci\u00f3n.<\/span><\/strong><\/p>\n\n\n<figure id=\"attachment_266\" aria-describedby=\"caption-attachment-266\" style=\"width: 150px\" class=\"wp-caption alignright\"><a href=\"http:\/\/cpsanjuandelacadena.educacion.navarra.es\/web\/wp-content\/uploads\/2011\/06\/sjc24.jpg\"><img loading=\"lazy\" class=\"size-thumbnail wp-image-266\" src=\"http:\/\/cpsanjuandelacadena.educacion.navarra.es\/web\/wp-content\/uploads\/2011\/06\/sjc24-150x150.jpg\" alt=\"Comedor escolar\" width=\"150\" height=\"150\" \/><\/a><figcaption id=\"caption-attachment-266\" class=\"wp-caption-text\">Comedor escolar<\/figcaption><\/figure>\n<p><strong>1) Comedor Escolar:<\/strong><br \/>El Centro dispone de un comedor escolar gestionado por la Asociaci\u00f3n de Padres y Madres (<a href=\"http:\/\/www.sanjuandelacadena.com\/\" target=\"_blank\" rel=\"noopener noreferrer\">APYMA<\/a>), que contrata los servicios de la empresa Ausolan que sirve las comidas, cumpliendo con los requisitos y condiciones que marcan las normas y ordenanzas legales.<br \/>La organizaci\u00f3n general es la siguiente:<\/p>\n<p>Comedor de Educaci\u00f3n Infantil:<br \/>* En 1 turno.<br \/>* 6 monitoras.<br \/>* Actividades:<br \/>&#8211; Programa de lavado de dientes y manos.<br \/>&#8211; Dibujo.<br \/>&#8211; Juegos en el patio.<br \/>&#8211; Siesta para los alumnos y alumnas de 3 a\u00f1os.<\/p>\n<p>Comedor de Educaci\u00f3n Primaria<br \/>* En 2 turnos.<br \/>* 7 cuidadores\/cuidadoras.<br \/>* Actividades:<br \/>&#8211; Programa de lavado de dientes y manos.<br \/>&#8211; Dibujo.<br \/>&#8211; Juegos en el patio.<\/p>\n<p>Los precios de las cuotas de comidas var\u00edan curso a curso, lo mismo que las comidas de los comensales ocasionales que tienen un suplemento de precio.<\/p>\n<p><strong>2) Guarder\u00eda Escolar:<\/strong><br \/>Funciona tanto en el edificio de Educaci\u00f3n Infantil de 7:45 a 9:00 de la ma\u00f1ana, como en el edificio de Educaci\u00f3n Primaria de 7:45 a 8:50 de la ma\u00f1ana, acogiendo a los alumnos y alumnas que necesitan atenci\u00f3n asistencial.<br \/>Hay una cuidadora y el n\u00famero, que es variable, oscila alrededor de 12 alumnos\/alumnas.<\/p>\n<p><strong>3) Ludoteca:<\/strong><br \/>Tardes de septiembre y junio, de 15:55 a 16:40 para el alumnado de infantil y de 15:45 a 16:30 para el alumnado de primaria.\u00a0<\/p>","protected":false},"excerpt":{"rendered":"<p>En breve se actualizar\u00e1 este informaci\u00f3n. 1) Comedor Escolar:El Centro dispone de un comedor escolar gestionado por la Asociaci\u00f3n de Padres y Madres (APYMA), que contrata los servicios de la empresa Ausolan que sirve las comidas, cumpliendo con los requisitos y condiciones que marcan las normas y ordenanzas legales.La organizaci\u00f3n general es la siguiente: Comedor [&hellip;]<\/p>\n","protected":false},"author":1,"featured_media":0,"parent":0,"menu_order":14,"comment_status":"closed","ping_status":"closed","template":"","meta":{"_genesis_hide_title":false,"_genesis_hide_breadcrumbs":false,"_genesis_hide_singular_image":false,"_genesis_hide_footer_widgets":false,"_genesis_custom_body_class":"","_genesis_custom_post_class":"","_genesis_layout":""},"yoast_head":"<!-- This site is optimized with the Yoast SEO plugin v19.13 - https:\/\/yoast.com\/wordpress\/plugins\/seo\/ -->\n<title>Comedor escolar \/ Guarder\u00eda - CP San Juan de la Cadena - Pamplona<\/title>\n<meta name=\"robots\" content=\"index, follow, max-snippet:-1, max-image-preview:large, max-video-preview:-1\" \/>\n<link rel=\"canonical\" href=\"https:\/\/cpsanjuandelacadena.educacion.navarra.es\/web\/comedor-escolar\/\" \/>\n<meta property=\"og:locale\" content=\"es_ES\" \/>\n<meta property=\"og:type\" content=\"article\" \/>\n<meta property=\"og:title\" content=\"Comedor escolar \/ Guarder\u00eda - CP San Juan de la Cadena - Pamplona\" \/>\n<meta property=\"og:description\" content=\"En breve se actualizar\u00e1 este informaci\u00f3n. 1) Comedor Escolar:El Centro dispone de un comedor escolar gestionado por la Asociaci\u00f3n de Padres y Madres (APYMA), que contrata los servicios de la empresa Ausolan que sirve las comidas, cumpliendo con los requisitos y condiciones que marcan las normas y ordenanzas legales.La organizaci\u00f3n general es la siguiente: Comedor [&hellip;]\" \/>\n<meta property=\"og:url\" content=\"https:\/\/cpsanjuandelacadena.educacion.navarra.es\/web\/comedor-escolar\/\" \/>\n<meta property=\"og:site_name\" content=\"CP San Juan de la Cadena - Pamplona\" \/>\n<meta property=\"article:modified_time\" content=\"2026-01-19T12:35:59+00:00\" \/>\n<meta property=\"og:image\" content=\"http:\/\/cpsanjuandelacadena.educacion.navarra.es\/web\/wp-content\/uploads\/2011\/06\/sjc24-150x150.jpg\" \/>\n<meta name=\"twitter:card\" content=\"summary_large_image\" \/>\n<meta name=\"twitter:label1\" content=\"Tiempo de lectura\" \/>\n\t<meta name=\"twitter:data1\" content=\"2 minutos\" \/>\n<script type=\"application\/ld+json\" class=\"yoast-schema-graph\">{\"@context\":\"https:\/\/schema.org\",\"@graph\":[{\"@type\":\"WebPage\",\"@id\":\"https:\/\/cpsanjuandelacadena.educacion.navarra.es\/web\/comedor-escolar\/\",\"url\":\"https:\/\/cpsanjuandelacadena.educacion.navarra.es\/web\/comedor-escolar\/\",\"name\":\"Comedor escolar \/ Guarder\u00eda - CP San Juan de la Cadena - Pamplona\",\"isPartOf\":{\"@id\":\"https:\/\/cpsanjuandelacadena.educacion.navarra.es\/web\/#website\"},\"datePublished\":\"2011-06-05T16:14:52+00:00\",\"dateModified\":\"2026-01-19T12:35:59+00:00\",\"breadcrumb\":{\"@id\":\"https:\/\/cpsanjuandelacadena.educacion.navarra.es\/web\/comedor-escolar\/#breadcrumb\"},\"inLanguage\":\"es\",\"potentialAction\":[{\"@type\":\"ReadAction\",\"target\":[\"https:\/\/cpsanjuandelacadena.educacion.navarra.es\/web\/comedor-escolar\/\"]}]},{\"@type\":\"BreadcrumbList\",\"@id\":\"https:\/\/cpsanjuandelacadena.educacion.navarra.es\/web\/comedor-escolar\/#breadcrumb\",\"itemListElement\":[{\"@type\":\"ListItem\",\"position\":1,\"name\":\"Home\",\"item\":\"https:\/\/cpsanjuandelacadena.educacion.navarra.es\/web\/\"},{\"@type\":\"ListItem\",\"position\":2,\"name\":\"Comedor escolar \/ Guarder\u00eda\"}]},{\"@type\":\"WebSite\",\"@id\":\"https:\/\/cpsanjuandelacadena.educacion.navarra.es\/web\/#website\",\"url\":\"https:\/\/cpsanjuandelacadena.educacion.navarra.es\/web\/\",\"name\":\"CP San Juan de la Cadena - Pamplona\",\"description\":\"Sitio web del CP San Juan de la Cadena\",\"potentialAction\":[{\"@type\":\"SearchAction\",\"target\":{\"@type\":\"EntryPoint\",\"urlTemplate\":\"https:\/\/cpsanjuandelacadena.educacion.navarra.es\/web\/?s={search_term_string}\"},\"query-input\":\"required name=search_term_string\"}],\"inLanguage\":\"es\"}]}<\/script>\n<!-- \/ Yoast SEO plugin. -->","yoast_head_json":{"title":"Comedor escolar \/ Guarder\u00eda - CP San Juan de la Cadena - Pamplona","robots":{"index":"index","follow":"follow","max-snippet":"max-snippet:-1","max-image-preview":"max-image-preview:large","max-video-preview":"max-video-preview:-1"},"canonical":"https:\/\/cpsanjuandelacadena.educacion.navarra.es\/web\/comedor-escolar\/","og_locale":"es_ES","og_type":"article","og_title":"Comedor escolar \/ Guarder\u00eda - CP San Juan de la Cadena - Pamplona","og_description":"En breve se actualizar\u00e1 este informaci\u00f3n. 1) Comedor Escolar:El Centro dispone de un comedor escolar gestionado por la Asociaci\u00f3n de Padres y Madres (APYMA), que contrata los servicios de la empresa Ausolan que sirve las comidas, cumpliendo con los requisitos y condiciones que marcan las normas y ordenanzas legales.La organizaci\u00f3n general es la siguiente: Comedor [&hellip;]","og_url":"https:\/\/cpsanjuandelacadena.educacion.navarra.es\/web\/comedor-escolar\/","og_site_name":"CP San Juan de la Cadena - Pamplona","article_modified_time":"2026-01-19T12:35:59+00:00","og_image":[{"url":"http:\/\/cpsanjuandelacadena.educacion.navarra.es\/web\/wp-content\/uploads\/2011\/06\/sjc24-150x150.jpg"}],"twitter_card":"summary_large_image","twitter_misc":{"Tiempo de lectura":"2 minutos"},"schema":{"@context":"https:\/\/schema.org","@graph":[{"@type":"WebPage","@id":"https:\/\/cpsanjuandelacadena.educacion.navarra.es\/web\/comedor-escolar\/","url":"https:\/\/cpsanjuandelacadena.educacion.navarra.es\/web\/comedor-escolar\/","name":"Comedor escolar \/ Guarder\u00eda - CP San Juan de la Cadena - Pamplona","isPartOf":{"@id":"https:\/\/cpsanjuandelacadena.educacion.navarra.es\/web\/#website"},"datePublished":"2011-06-05T16:14:52+00:00","dateModified":"2026-01-19T12:35:59+00:00","breadcrumb":{"@id":"https:\/\/cpsanjuandelacadena.educacion.navarra.es\/web\/comedor-escolar\/#breadcrumb"},"inLanguage":"es","potentialAction":[{"@type":"ReadAction","target":["https:\/\/cpsanjuandelacadena.educacion.navarra.es\/web\/comedor-escolar\/"]}]},{"@type":"BreadcrumbList","@id":"https:\/\/cpsanjuandelacadena.educacion.navarra.es\/web\/comedor-escolar\/#breadcrumb","itemListElement":[{"@type":"ListItem","position":1,"name":"Home","item":"https:\/\/cpsanjuandelacadena.educacion.navarra.es\/web\/"},{"@type":"ListItem","position":2,"name":"Comedor escolar \/ Guarder\u00eda"}]},{"@type":"WebSite","@id":"https:\/\/cpsanjuandelacadena.educacion.navarra.es\/web\/#website","url":"https:\/\/cpsanjuandelacadena.educacion.navarra.es\/web\/","name":"CP San Juan de la Cadena - Pamplona","description":"Sitio web del CP San Juan de la Cadena","potentialAction":[{"@type":"SearchAction","target":{"@type":"EntryPoint","urlTemplate":"https:\/\/cpsanjuandelacadena.educacion.navarra.es\/web\/?s={search_term_string}"},"query-input":"required name=search_term_string"}],"inLanguage":"es"}]}},"_links":{"self":[{"href":"https:\/\/cpsanjuandelacadena.educacion.navarra.es\/web\/wp-json\/wp\/v2\/pages\/35"}],"collection":[{"href":"https:\/\/cpsanjuandelacadena.educacion.navarra.es\/web\/wp-json\/wp\/v2\/pages"}],"about":[{"href":"https:\/\/cpsanjuandelacadena.educacion.navarra.es\/web\/wp-json\/wp\/v2\/types\/page"}],"author":[{"embeddable":true,"href":"https:\/\/cpsanjuandelacadena.educacion.navarra.es\/web\/wp-json\/wp\/v2\/users\/1"}],"replies":[{"embeddable":true,"href":"https:\/\/cpsanjuandelacadena.educacion.navarra.es\/web\/wp-json\/wp\/v2\/comments?post=35"}],"version-history":[{"count":0,"href":"https:\/\/cpsanjuandelacadena.educacion.navarra.es\/web\/wp-json\/wp\/v2\/pages\/35\/revisions"}],"wp:attachment":[{"href":"https:\/\/cpsanjuandelacadena.educacion.navarra.es\/web\/wp-json\/wp\/v2\/media?parent=35"}],"curies":[{"name":"wp","href":"https:\/\/api.w.org\/{rel}","templated":true}]}}