{"id":22,"date":"2011-06-04T20:23:15","date_gmt":"2011-06-04T18:23:15","guid":{"rendered":"http:\/\/cpsanjuandelacadena.educacion.navarra.es\/web\/2011\/06\/04\/idonde-estamos\/"},"modified":"2015-02-25T20:22:40","modified_gmt":"2015-02-25T19:22:40","slug":"donde-estamos","status":"publish","type":"page","link":"https:\/\/cpsanjuandelacadena.educacion.navarra.es\/web\/donde-estamos\/","title":{"rendered":"\u00bfD\u00f3nde estamos?"},"content":{"rendered":"<p>Edificio de Educaci\u00f3n Primaria:<\/p>\n<p style=\"text-align: center;\"><iframe loading=\"lazy\" src=\"http:\/\/maps.google.es\/maps?q=42.810661,-1.659046&amp;num=1&amp;t=k&amp;sll=40.396764,-3.713379&amp;sspn=7.829737,14.985352&amp;ie=UTF8&amp;ll=42.810451,-1.659193&amp;spn=0.030224,0.054932&amp;z=14&amp;output=embed\" width=\"500\" height=\"400\"><\/iframe><br \/>\n<small><a style=\"color: #0000ff; text-align: left;\" href=\"http:\/\/maps.google.es\/maps?q=42.810661,-1.659046&amp;num=1&amp;t=k&amp;sll=40.396764,-3.713379&amp;sspn=7.829737,14.985352&amp;ie=UTF8&amp;ll=42.810451,-1.659193&amp;spn=0.030224,0.054932&amp;z=14&amp;source=embed\" target=\"_blank\">Ver mapa m\u00e1s grande<\/a><\/small><\/p>\n<p>Edificio de Educaci\u00f3n Infantil:<\/p>\n<p style=\"text-align: center;\"><iframe loading=\"lazy\" src=\"http:\/\/maps.google.es\/maps?q=42.813098,-1.659695&amp;num=1&amp;t=h&amp;sll=42.813079,-1.65955&amp;sspn=0.006295,0.006295&amp;ie=UTF8&amp;ll=42.812988,-1.659697&amp;spn=0.000931,0.001725&amp;z=14&amp;output=embed\" width=\"500\" height=\"400\"><\/iframe><br \/>\n<small><a style=\"color: #0000ff; text-align: left;\" href=\"http:\/\/maps.google.es\/maps?q=42.813098,-1.659695&amp;num=1&amp;t=h&amp;sll=42.813079,-1.65955&amp;sspn=0.006295,0.006295&amp;ie=UTF8&amp;ll=42.812988,-1.659697&amp;spn=0.000931,0.001725&amp;z=14&amp;source=embed\" target=\"_blank\">Ver mapa m\u00e1s grande<\/a><\/small><\/p>\n","protected":false},"excerpt":{"rendered":"<p>Edificio de Educaci\u00f3n Primaria: Ver mapa m\u00e1s grande Edificio de Educaci\u00f3n Infantil: Ver mapa m\u00e1s grande<\/p>\n","protected":false},"author":1,"featured_media":0,"parent":0,"menu_order":26,"comment_status":"closed","ping_status":"closed","template":"","meta":{"_genesis_hide_title":false,"_genesis_hide_breadcrumbs":false,"_genesis_hide_singular_image":false,"_genesis_hide_footer_widgets":false,"_genesis_custom_body_class":"","_genesis_custom_post_class":"","_genesis_layout":""},"yoast_head":"<!-- This site is optimized with the Yoast SEO plugin v19.13 - https:\/\/yoast.com\/wordpress\/plugins\/seo\/ -->\n<title>\u00bfD\u00f3nde estamos? - CP San Juan de la Cadena - Pamplona<\/title>\n<meta name=\"robots\" content=\"index, follow, max-snippet:-1, max-image-preview:large, max-video-preview:-1\" \/>\n<link rel=\"canonical\" href=\"https:\/\/cpsanjuandelacadena.educacion.navarra.es\/web\/donde-estamos\/\" \/>\n<meta property=\"og:locale\" content=\"es_ES\" \/>\n<meta property=\"og:type\" content=\"article\" \/>\n<meta property=\"og:title\" content=\"\u00bfD\u00f3nde estamos? - CP San Juan de la Cadena - Pamplona\" \/>\n<meta property=\"og:description\" content=\"Edificio de Educaci\u00f3n Primaria: Ver mapa m\u00e1s grande Edificio de Educaci\u00f3n Infantil: Ver mapa m\u00e1s grande\" \/>\n<meta property=\"og:url\" content=\"https:\/\/cpsanjuandelacadena.educacion.navarra.es\/web\/donde-estamos\/\" \/>\n<meta property=\"og:site_name\" content=\"CP San Juan de la Cadena - Pamplona\" \/>\n<meta property=\"article:modified_time\" content=\"2015-02-25T19:22:40+00:00\" \/>\n<meta name=\"twitter:card\" content=\"summary_large_image\" \/>\n<script type=\"application\/ld+json\" class=\"yoast-schema-graph\">{\"@context\":\"https:\/\/schema.org\",\"@graph\":[{\"@type\":\"WebPage\",\"@id\":\"https:\/\/cpsanjuandelacadena.educacion.navarra.es\/web\/donde-estamos\/\",\"url\":\"https:\/\/cpsanjuandelacadena.educacion.navarra.es\/web\/donde-estamos\/\",\"name\":\"\u00bfD\u00f3nde estamos? - CP San Juan de la Cadena - Pamplona\",\"isPartOf\":{\"@id\":\"https:\/\/cpsanjuandelacadena.educacion.navarra.es\/web\/#website\"},\"datePublished\":\"2011-06-04T18:23:15+00:00\",\"dateModified\":\"2015-02-25T19:22:40+00:00\",\"breadcrumb\":{\"@id\":\"https:\/\/cpsanjuandelacadena.educacion.navarra.es\/web\/donde-estamos\/#breadcrumb\"},\"inLanguage\":\"es\",\"potentialAction\":[{\"@type\":\"ReadAction\",\"target\":[\"https:\/\/cpsanjuandelacadena.educacion.navarra.es\/web\/donde-estamos\/\"]}]},{\"@type\":\"BreadcrumbList\",\"@id\":\"https:\/\/cpsanjuandelacadena.educacion.navarra.es\/web\/donde-estamos\/#breadcrumb\",\"itemListElement\":[{\"@type\":\"ListItem\",\"position\":1,\"name\":\"Home\",\"item\":\"https:\/\/cpsanjuandelacadena.educacion.navarra.es\/web\/\"},{\"@type\":\"ListItem\",\"position\":2,\"name\":\"\u00bfD\u00f3nde estamos?\"}]},{\"@type\":\"WebSite\",\"@id\":\"https:\/\/cpsanjuandelacadena.educacion.navarra.es\/web\/#website\",\"url\":\"https:\/\/cpsanjuandelacadena.educacion.navarra.es\/web\/\",\"name\":\"CP San Juan de la Cadena - Pamplona\",\"description\":\"Sitio web del CP San Juan de la Cadena\",\"potentialAction\":[{\"@type\":\"SearchAction\",\"target\":{\"@type\":\"EntryPoint\",\"urlTemplate\":\"https:\/\/cpsanjuandelacadena.educacion.navarra.es\/web\/?s={search_term_string}\"},\"query-input\":\"required name=search_term_string\"}],\"inLanguage\":\"es\"}]}<\/script>\n<!-- \/ Yoast SEO plugin. -->","yoast_head_json":{"title":"\u00bfD\u00f3nde estamos? - CP San Juan de la Cadena - Pamplona","robots":{"index":"index","follow":"follow","max-snippet":"max-snippet:-1","max-image-preview":"max-image-preview:large","max-video-preview":"max-video-preview:-1"},"canonical":"https:\/\/cpsanjuandelacadena.educacion.navarra.es\/web\/donde-estamos\/","og_locale":"es_ES","og_type":"article","og_title":"\u00bfD\u00f3nde estamos? - CP San Juan de la Cadena - Pamplona","og_description":"Edificio de Educaci\u00f3n Primaria: Ver mapa m\u00e1s grande Edificio de Educaci\u00f3n Infantil: Ver mapa m\u00e1s grande","og_url":"https:\/\/cpsanjuandelacadena.educacion.navarra.es\/web\/donde-estamos\/","og_site_name":"CP San Juan de la Cadena - Pamplona","article_modified_time":"2015-02-25T19:22:40+00:00","twitter_card":"summary_large_image","schema":{"@context":"https:\/\/schema.org","@graph":[{"@type":"WebPage","@id":"https:\/\/cpsanjuandelacadena.educacion.navarra.es\/web\/donde-estamos\/","url":"https:\/\/cpsanjuandelacadena.educacion.navarra.es\/web\/donde-estamos\/","name":"\u00bfD\u00f3nde estamos? - CP San Juan de la Cadena - Pamplona","isPartOf":{"@id":"https:\/\/cpsanjuandelacadena.educacion.navarra.es\/web\/#website"},"datePublished":"2011-06-04T18:23:15+00:00","dateModified":"2015-02-25T19:22:40+00:00","breadcrumb":{"@id":"https:\/\/cpsanjuandelacadena.educacion.navarra.es\/web\/donde-estamos\/#breadcrumb"},"inLanguage":"es","potentialAction":[{"@type":"ReadAction","target":["https:\/\/cpsanjuandelacadena.educacion.navarra.es\/web\/donde-estamos\/"]}]},{"@type":"BreadcrumbList","@id":"https:\/\/cpsanjuandelacadena.educacion.navarra.es\/web\/donde-estamos\/#breadcrumb","itemListElement":[{"@type":"ListItem","position":1,"name":"Home","item":"https:\/\/cpsanjuandelacadena.educacion.navarra.es\/web\/"},{"@type":"ListItem","position":2,"name":"\u00bfD\u00f3nde estamos?"}]},{"@type":"WebSite","@id":"https:\/\/cpsanjuandelacadena.educacion.navarra.es\/web\/#website","url":"https:\/\/cpsanjuandelacadena.educacion.navarra.es\/web\/","name":"CP San Juan de la Cadena - Pamplona","description":"Sitio web del CP San Juan de la Cadena","potentialAction":[{"@type":"SearchAction","target":{"@type":"EntryPoint","urlTemplate":"https:\/\/cpsanjuandelacadena.educacion.navarra.es\/web\/?s={search_term_string}"},"query-input":"required name=search_term_string"}],"inLanguage":"es"}]}},"_links":{"self":[{"href":"https:\/\/cpsanjuandelacadena.educacion.navarra.es\/web\/wp-json\/wp\/v2\/pages\/22"}],"collection":[{"href":"https:\/\/cpsanjuandelacadena.educacion.navarra.es\/web\/wp-json\/wp\/v2\/pages"}],"about":[{"href":"https:\/\/cpsanjuandelacadena.educacion.navarra.es\/web\/wp-json\/wp\/v2\/types\/page"}],"author":[{"embeddable":true,"href":"https:\/\/cpsanjuandelacadena.educacion.navarra.es\/web\/wp-json\/wp\/v2\/users\/1"}],"replies":[{"embeddable":true,"href":"https:\/\/cpsanjuandelacadena.educacion.navarra.es\/web\/wp-json\/wp\/v2\/comments?post=22"}],"version-history":[{"count":0,"href":"https:\/\/cpsanjuandelacadena.educacion.navarra.es\/web\/wp-json\/wp\/v2\/pages\/22\/revisions"}],"wp:attachment":[{"href":"https:\/\/cpsanjuandelacadena.educacion.navarra.es\/web\/wp-json\/wp\/v2\/media?parent=22"}],"curies":[{"name":"wp","href":"https:\/\/api.w.org\/{rel}","templated":true}]}}