{"id":1884,"date":"2018-10-29T00:28:18","date_gmt":"2018-10-28T23:28:18","guid":{"rendered":"https:\/\/cpsanjuandelacadena.educacion.navarra.es\/web\/?page_id=1884"},"modified":"2018-11-06T00:02:35","modified_gmt":"2018-11-05T23:02:35","slug":"divulgacion-de-nuestra-experiencia-didactica-taller-de-kamishibai","status":"publish","type":"page","link":"https:\/\/cpsanjuandelacadena.educacion.navarra.es\/web\/divulgacion-de-nuestra-experiencia-didactica-taller-de-kamishibai\/","title":{"rendered":"Divulgaci\u00f3n de nuestra experiencia did\u00e1ctica \u201cTaller de Kamishibai\u201d"},"content":{"rendered":"<p>&#8211; Empezamos a compartir nuestra experiencia de kamishibai con otros profesores en mayo de 2004 en el CAP de Pamplona. Desde entonces su divulgaci\u00f3n ha sido constante y creciente. Nos han pedido impartir actividades de formaci\u00f3n dirigidas preferentemente al profesorado en casi todas las Comunidades Aut\u00f3nomas.<\/p>\n<p>&#8211; Nos han hecho varios reportajessobre el tema y publicado varios art\u00edculos.<\/p>\n<p>&#8211; La cadena de televisi\u00f3n japonesa NHK, en septiembre de 2010, nos pidi\u00f3 y vino a grabar nuestro \u201cTaller de Kamishibai\u201d para su programa \u201cAgora\u201d.<\/p>\n<p>&#8211; En 2012, IKAJA, Asociaci\u00f3n Internacional de Kamishibai de Jap\u00f3n, nos pidi\u00f3 que present\u00e1ramos nuestra experiencia de \u201cTaller de Kamishibai\u201d en la UNESCO de Par\u00eds y ha publicado nuestro proyecto en su bolet\u00edn en ingl\u00e9s y japon\u00e9s.<\/p>\n<p>&#8211; En el curso 2013-2014 nuestro Proyecto Kamishibai fue reconocido por la Embajada de Jap\u00f3n en Espa\u00f1a como una de las actividades en la celebraci\u00f3n del A\u00f1o Dual Espa\u00f1a Jap\u00f3n.<\/p>\n<p>&#8211; La televisi\u00f3n p\u00fablica de Yamaguchi, por encargo del ayuntamiento de dicha ciudad, vino a grabar nuestra experiencia en marzo de 2016. Ha producido <a href=\"https:\/\/cpsanjuandelacadena.educacion.navarra.es\/web\/blog\/2017\/05\/19\/programa-tv-yamaguchi\/\">un v\u00eddeo<\/a> que ha emitido en varios de sus programas presentando el kamishibai como v\u00ednculo de uni\u00f3n entre los escolares de Yamaguchi y Pamplona.<\/p>\n<p>Os invitamos a ver el simp\u00e1tico reportaje sobre <a href=\"https:\/\/www.youtube.com\/watch?v=J8pNOtD4LxM&amp;feature=youtu.be\">nuestro Taller de Kamishibai<\/a> emitido en mayo de 2018 en el Club Txikipanda de Navarra TV.<\/p>\n<h5><\/h5>\n<h5><em>Nuestro taller de kamishibai y nuestro colegio son un referente sobre el uso did\u00e1ctico del kamishibai en castellano; se ha pedido nuestra colaboraci\u00f3n desde diferentes instancias oficiales: Bibliotecas P\u00fablicas, Centros de Profesores, Centros Escolares, Campa\u00f1as Educativas, &#8230;<\/em><\/h5>\n<p style=\"text-align: center;\">M\u00e1s informaci\u00f3n sobre Kamishibai en: <a href=\"http:\/\/kamishibai.educacion.navarra.es\/\">http:\/\/kamishibai.educacion.navarra.es\/<\/a><\/p>\n","protected":false},"excerpt":{"rendered":"<p>&#8211; Empezamos a compartir nuestra experiencia de kamishibai con otros profesores en mayo de 2004 en el CAP de Pamplona. Desde entonces su divulgaci\u00f3n ha sido constante y creciente. Nos han pedido impartir actividades de formaci\u00f3n dirigidas preferentemente al profesorado en casi todas las Comunidades Aut\u00f3nomas. &#8211; Nos han hecho varios reportajessobre el tema y [&hellip;]<\/p>\n","protected":false},"author":1,"featured_media":0,"parent":0,"menu_order":0,"comment_status":"closed","ping_status":"closed","template":"","meta":{"_genesis_hide_title":false,"_genesis_hide_breadcrumbs":false,"_genesis_hide_singular_image":false,"_genesis_hide_footer_widgets":false,"_genesis_custom_body_class":"","_genesis_custom_post_class":"","_genesis_layout":""},"yoast_head":"<!-- This site is optimized with the Yoast SEO plugin v19.13 - https:\/\/yoast.com\/wordpress\/plugins\/seo\/ -->\n<title>Divulgaci\u00f3n de nuestra experiencia did\u00e1ctica \u201cTaller de Kamishibai\u201d - CP San Juan de la Cadena - Pamplona<\/title>\n<meta name=\"robots\" content=\"index, follow, max-snippet:-1, max-image-preview:large, max-video-preview:-1\" \/>\n<link rel=\"canonical\" href=\"https:\/\/cpsanjuandelacadena.educacion.navarra.es\/web\/divulgacion-de-nuestra-experiencia-didactica-taller-de-kamishibai\/\" \/>\n<meta property=\"og:locale\" content=\"es_ES\" \/>\n<meta property=\"og:type\" content=\"article\" \/>\n<meta property=\"og:title\" content=\"Divulgaci\u00f3n de nuestra experiencia did\u00e1ctica \u201cTaller de Kamishibai\u201d - CP San Juan de la Cadena - Pamplona\" \/>\n<meta property=\"og:description\" content=\"&#8211; Empezamos a compartir nuestra experiencia de kamishibai con otros profesores en mayo de 2004 en el CAP de Pamplona. Desde entonces su divulgaci\u00f3n ha sido constante y creciente. Nos han pedido impartir actividades de formaci\u00f3n dirigidas preferentemente al profesorado en casi todas las Comunidades Aut\u00f3nomas. &#8211; Nos han hecho varios reportajessobre el tema y [&hellip;]\" \/>\n<meta property=\"og:url\" content=\"https:\/\/cpsanjuandelacadena.educacion.navarra.es\/web\/divulgacion-de-nuestra-experiencia-didactica-taller-de-kamishibai\/\" \/>\n<meta property=\"og:site_name\" content=\"CP San Juan de la Cadena - Pamplona\" \/>\n<meta property=\"article:modified_time\" content=\"2018-11-05T23:02:35+00:00\" \/>\n<meta name=\"twitter:card\" content=\"summary_large_image\" \/>\n<meta name=\"twitter:label1\" content=\"Tiempo de lectura\" \/>\n\t<meta name=\"twitter:data1\" content=\"1 minuto\" \/>\n<script type=\"application\/ld+json\" class=\"yoast-schema-graph\">{\"@context\":\"https:\/\/schema.org\",\"@graph\":[{\"@type\":\"WebPage\",\"@id\":\"https:\/\/cpsanjuandelacadena.educacion.navarra.es\/web\/divulgacion-de-nuestra-experiencia-didactica-taller-de-kamishibai\/\",\"url\":\"https:\/\/cpsanjuandelacadena.educacion.navarra.es\/web\/divulgacion-de-nuestra-experiencia-didactica-taller-de-kamishibai\/\",\"name\":\"Divulgaci\u00f3n de nuestra experiencia did\u00e1ctica \u201cTaller de Kamishibai\u201d - CP San Juan de la Cadena - Pamplona\",\"isPartOf\":{\"@id\":\"https:\/\/cpsanjuandelacadena.educacion.navarra.es\/web\/#website\"},\"datePublished\":\"2018-10-28T23:28:18+00:00\",\"dateModified\":\"2018-11-05T23:02:35+00:00\",\"breadcrumb\":{\"@id\":\"https:\/\/cpsanjuandelacadena.educacion.navarra.es\/web\/divulgacion-de-nuestra-experiencia-didactica-taller-de-kamishibai\/#breadcrumb\"},\"inLanguage\":\"es\",\"potentialAction\":[{\"@type\":\"ReadAction\",\"target\":[\"https:\/\/cpsanjuandelacadena.educacion.navarra.es\/web\/divulgacion-de-nuestra-experiencia-didactica-taller-de-kamishibai\/\"]}]},{\"@type\":\"BreadcrumbList\",\"@id\":\"https:\/\/cpsanjuandelacadena.educacion.navarra.es\/web\/divulgacion-de-nuestra-experiencia-didactica-taller-de-kamishibai\/#breadcrumb\",\"itemListElement\":[{\"@type\":\"ListItem\",\"position\":1,\"name\":\"Home\",\"item\":\"https:\/\/cpsanjuandelacadena.educacion.navarra.es\/web\/\"},{\"@type\":\"ListItem\",\"position\":2,\"name\":\"Divulgaci\u00f3n de nuestra experiencia did\u00e1ctica \u201cTaller de Kamishibai\u201d\"}]},{\"@type\":\"WebSite\",\"@id\":\"https:\/\/cpsanjuandelacadena.educacion.navarra.es\/web\/#website\",\"url\":\"https:\/\/cpsanjuandelacadena.educacion.navarra.es\/web\/\",\"name\":\"CP San Juan de la Cadena - Pamplona\",\"description\":\"Sitio web del CP San Juan de la Cadena\",\"potentialAction\":[{\"@type\":\"SearchAction\",\"target\":{\"@type\":\"EntryPoint\",\"urlTemplate\":\"https:\/\/cpsanjuandelacadena.educacion.navarra.es\/web\/?s={search_term_string}\"},\"query-input\":\"required name=search_term_string\"}],\"inLanguage\":\"es\"}]}<\/script>\n<!-- \/ Yoast SEO plugin. -->","yoast_head_json":{"title":"Divulgaci\u00f3n de nuestra experiencia did\u00e1ctica \u201cTaller de Kamishibai\u201d - CP San Juan de la Cadena - Pamplona","robots":{"index":"index","follow":"follow","max-snippet":"max-snippet:-1","max-image-preview":"max-image-preview:large","max-video-preview":"max-video-preview:-1"},"canonical":"https:\/\/cpsanjuandelacadena.educacion.navarra.es\/web\/divulgacion-de-nuestra-experiencia-didactica-taller-de-kamishibai\/","og_locale":"es_ES","og_type":"article","og_title":"Divulgaci\u00f3n de nuestra experiencia did\u00e1ctica \u201cTaller de Kamishibai\u201d - CP San Juan de la Cadena - Pamplona","og_description":"&#8211; Empezamos a compartir nuestra experiencia de kamishibai con otros profesores en mayo de 2004 en el CAP de Pamplona. Desde entonces su divulgaci\u00f3n ha sido constante y creciente. Nos han pedido impartir actividades de formaci\u00f3n dirigidas preferentemente al profesorado en casi todas las Comunidades Aut\u00f3nomas. &#8211; Nos han hecho varios reportajessobre el tema y [&hellip;]","og_url":"https:\/\/cpsanjuandelacadena.educacion.navarra.es\/web\/divulgacion-de-nuestra-experiencia-didactica-taller-de-kamishibai\/","og_site_name":"CP San Juan de la Cadena - Pamplona","article_modified_time":"2018-11-05T23:02:35+00:00","twitter_card":"summary_large_image","twitter_misc":{"Tiempo de lectura":"1 minuto"},"schema":{"@context":"https:\/\/schema.org","@graph":[{"@type":"WebPage","@id":"https:\/\/cpsanjuandelacadena.educacion.navarra.es\/web\/divulgacion-de-nuestra-experiencia-didactica-taller-de-kamishibai\/","url":"https:\/\/cpsanjuandelacadena.educacion.navarra.es\/web\/divulgacion-de-nuestra-experiencia-didactica-taller-de-kamishibai\/","name":"Divulgaci\u00f3n de nuestra experiencia did\u00e1ctica \u201cTaller de Kamishibai\u201d - CP San Juan de la Cadena - Pamplona","isPartOf":{"@id":"https:\/\/cpsanjuandelacadena.educacion.navarra.es\/web\/#website"},"datePublished":"2018-10-28T23:28:18+00:00","dateModified":"2018-11-05T23:02:35+00:00","breadcrumb":{"@id":"https:\/\/cpsanjuandelacadena.educacion.navarra.es\/web\/divulgacion-de-nuestra-experiencia-didactica-taller-de-kamishibai\/#breadcrumb"},"inLanguage":"es","potentialAction":[{"@type":"ReadAction","target":["https:\/\/cpsanjuandelacadena.educacion.navarra.es\/web\/divulgacion-de-nuestra-experiencia-didactica-taller-de-kamishibai\/"]}]},{"@type":"BreadcrumbList","@id":"https:\/\/cpsanjuandelacadena.educacion.navarra.es\/web\/divulgacion-de-nuestra-experiencia-didactica-taller-de-kamishibai\/#breadcrumb","itemListElement":[{"@type":"ListItem","position":1,"name":"Home","item":"https:\/\/cpsanjuandelacadena.educacion.navarra.es\/web\/"},{"@type":"ListItem","position":2,"name":"Divulgaci\u00f3n de nuestra experiencia did\u00e1ctica \u201cTaller de Kamishibai\u201d"}]},{"@type":"WebSite","@id":"https:\/\/cpsanjuandelacadena.educacion.navarra.es\/web\/#website","url":"https:\/\/cpsanjuandelacadena.educacion.navarra.es\/web\/","name":"CP San Juan de la Cadena - Pamplona","description":"Sitio web del CP San Juan de la Cadena","potentialAction":[{"@type":"SearchAction","target":{"@type":"EntryPoint","urlTemplate":"https:\/\/cpsanjuandelacadena.educacion.navarra.es\/web\/?s={search_term_string}"},"query-input":"required name=search_term_string"}],"inLanguage":"es"}]}},"_links":{"self":[{"href":"https:\/\/cpsanjuandelacadena.educacion.navarra.es\/web\/wp-json\/wp\/v2\/pages\/1884"}],"collection":[{"href":"https:\/\/cpsanjuandelacadena.educacion.navarra.es\/web\/wp-json\/wp\/v2\/pages"}],"about":[{"href":"https:\/\/cpsanjuandelacadena.educacion.navarra.es\/web\/wp-json\/wp\/v2\/types\/page"}],"author":[{"embeddable":true,"href":"https:\/\/cpsanjuandelacadena.educacion.navarra.es\/web\/wp-json\/wp\/v2\/users\/1"}],"replies":[{"embeddable":true,"href":"https:\/\/cpsanjuandelacadena.educacion.navarra.es\/web\/wp-json\/wp\/v2\/comments?post=1884"}],"version-history":[{"count":0,"href":"https:\/\/cpsanjuandelacadena.educacion.navarra.es\/web\/wp-json\/wp\/v2\/pages\/1884\/revisions"}],"wp:attachment":[{"href":"https:\/\/cpsanjuandelacadena.educacion.navarra.es\/web\/wp-json\/wp\/v2\/media?parent=1884"}],"curies":[{"name":"wp","href":"https:\/\/api.w.org\/{rel}","templated":true}]}}