{"id":1880,"date":"2018-10-29T00:14:57","date_gmt":"2018-10-28T23:14:57","guid":{"rendered":"https:\/\/cpsanjuandelacadena.educacion.navarra.es\/web\/?page_id=1880"},"modified":"2018-10-29T00:14:57","modified_gmt":"2018-10-28T23:14:57","slug":"reconocimiento-de-nuestro-trabajo","status":"publish","type":"page","link":"https:\/\/cpsanjuandelacadena.educacion.navarra.es\/web\/reconocimiento-de-nuestro-trabajo\/","title":{"rendered":"Reconocimiento de nuestro trabajo"},"content":{"rendered":"<p>&#8211; En junio de 2006 el colegio obtuvo el Primer Premio de Innovaci\u00f3n en el \u00e1rea de competencias ling\u00fc\u00edsticas concedido por el Departamento de Educaci\u00f3n de Navarra por el proyecto \u201cUso del Kamishibai en el Taller de Cuentos\u201d.<br \/>\nComo premio, dicho departamento nos public\u00f3 cuatro kamishibais elaborados en torno a dicho taller para distribuirlos por los colegios de E. Infantil y Primaria de Navarra.<\/p>\n<p>&#8211; Desde el curso 2005- 2006 colaboramos con la red de Bibliotecas P\u00fablicas de Navarra.<\/p>\n<p>&#8211; El kamishibai ha motivado y facilitado que tuvi\u00e9ramos otras experiencias altamente positivas para nuestro alumnado, entre ellas el intercambio con otros centros escolares: con el CEE \u201cAndr\u00e9s Mu\u00f1oz\u201d, C.P. de \u201cErmitaga\u00f1a\u201d y con el CEE \u201cEl Molino\u201d.<\/p>\n<p>&#8211; Colaboraci\u00f3n con el Proyecto: \u201cJuega, come y divi\u00e9rtete con Tranqui\u201d, de prevenci\u00f3n de la obesidad infantil, promovido por el Instituto Navarro de Deporte y Juventud del Gobierno de Navarra. Nos han publicado tres kamishibais que nuestros alumnos interpretan en colegios que participan en la campa\u00f1a.<\/p>\n<p>&#8211; Tanto el Ayuntamiento como la Prefectura de Yamaguchi nos tienen como referencia en el uso del kamishibai en Espa\u00f1a y nos visitan siempre que vienen a Navarra reconociendo tambi\u00e9n nuestro conocimiento y difusi\u00f3n de la Cultura de Jap\u00f3n.<\/p>\n<p>&#8211; Desde el curso 2015-2016, el alumnado de 6\u00ba de primaria hacen intercambio de trabajos escolares con alumnado de colegios de Yamaguchi. Dichos trabajos se refieren a la vida en nuestra ciudad, colegio&#8230;, naturaleza, hitos culturales, fiestas populares, tradiciones&#8230; de sus culturas respectivas.<\/p>\n","protected":false},"excerpt":{"rendered":"<p>&#8211; En junio de 2006 el colegio obtuvo el Primer Premio de Innovaci\u00f3n en el \u00e1rea de competencias ling\u00fc\u00edsticas concedido por el Departamento de Educaci\u00f3n de Navarra por el proyecto \u201cUso del Kamishibai en el Taller de Cuentos\u201d. Como premio, dicho departamento nos public\u00f3 cuatro kamishibais elaborados en torno a dicho taller para distribuirlos por [&hellip;]<\/p>\n","protected":false},"author":1,"featured_media":0,"parent":0,"menu_order":0,"comment_status":"closed","ping_status":"closed","template":"","meta":{"_genesis_hide_title":false,"_genesis_hide_breadcrumbs":false,"_genesis_hide_singular_image":false,"_genesis_hide_footer_widgets":false,"_genesis_custom_body_class":"","_genesis_custom_post_class":"","_genesis_layout":""},"yoast_head":"<!-- This site is optimized with the Yoast SEO plugin v19.13 - https:\/\/yoast.com\/wordpress\/plugins\/seo\/ -->\n<title>Reconocimiento de nuestro trabajo - CP San Juan de la Cadena - Pamplona<\/title>\n<meta name=\"robots\" content=\"index, follow, max-snippet:-1, max-image-preview:large, max-video-preview:-1\" \/>\n<link rel=\"canonical\" href=\"https:\/\/cpsanjuandelacadena.educacion.navarra.es\/web\/reconocimiento-de-nuestro-trabajo\/\" \/>\n<meta property=\"og:locale\" content=\"es_ES\" \/>\n<meta property=\"og:type\" content=\"article\" \/>\n<meta property=\"og:title\" content=\"Reconocimiento de nuestro trabajo - CP San Juan de la Cadena - Pamplona\" \/>\n<meta property=\"og:description\" content=\"&#8211; En junio de 2006 el colegio obtuvo el Primer Premio de Innovaci\u00f3n en el \u00e1rea de competencias ling\u00fc\u00edsticas concedido por el Departamento de Educaci\u00f3n de Navarra por el proyecto \u201cUso del Kamishibai en el Taller de Cuentos\u201d. Como premio, dicho departamento nos public\u00f3 cuatro kamishibais elaborados en torno a dicho taller para distribuirlos por [&hellip;]\" \/>\n<meta property=\"og:url\" content=\"https:\/\/cpsanjuandelacadena.educacion.navarra.es\/web\/reconocimiento-de-nuestro-trabajo\/\" \/>\n<meta property=\"og:site_name\" content=\"CP San Juan de la Cadena - Pamplona\" \/>\n<meta name=\"twitter:card\" content=\"summary_large_image\" \/>\n<meta name=\"twitter:label1\" content=\"Tiempo de lectura\" \/>\n\t<meta name=\"twitter:data1\" content=\"1 minuto\" \/>\n<script type=\"application\/ld+json\" class=\"yoast-schema-graph\">{\"@context\":\"https:\/\/schema.org\",\"@graph\":[{\"@type\":\"WebPage\",\"@id\":\"https:\/\/cpsanjuandelacadena.educacion.navarra.es\/web\/reconocimiento-de-nuestro-trabajo\/\",\"url\":\"https:\/\/cpsanjuandelacadena.educacion.navarra.es\/web\/reconocimiento-de-nuestro-trabajo\/\",\"name\":\"Reconocimiento de nuestro trabajo - CP San Juan de la Cadena - Pamplona\",\"isPartOf\":{\"@id\":\"https:\/\/cpsanjuandelacadena.educacion.navarra.es\/web\/#website\"},\"datePublished\":\"2018-10-28T23:14:57+00:00\",\"dateModified\":\"2018-10-28T23:14:57+00:00\",\"breadcrumb\":{\"@id\":\"https:\/\/cpsanjuandelacadena.educacion.navarra.es\/web\/reconocimiento-de-nuestro-trabajo\/#breadcrumb\"},\"inLanguage\":\"es\",\"potentialAction\":[{\"@type\":\"ReadAction\",\"target\":[\"https:\/\/cpsanjuandelacadena.educacion.navarra.es\/web\/reconocimiento-de-nuestro-trabajo\/\"]}]},{\"@type\":\"BreadcrumbList\",\"@id\":\"https:\/\/cpsanjuandelacadena.educacion.navarra.es\/web\/reconocimiento-de-nuestro-trabajo\/#breadcrumb\",\"itemListElement\":[{\"@type\":\"ListItem\",\"position\":1,\"name\":\"Home\",\"item\":\"https:\/\/cpsanjuandelacadena.educacion.navarra.es\/web\/\"},{\"@type\":\"ListItem\",\"position\":2,\"name\":\"Reconocimiento de nuestro trabajo\"}]},{\"@type\":\"WebSite\",\"@id\":\"https:\/\/cpsanjuandelacadena.educacion.navarra.es\/web\/#website\",\"url\":\"https:\/\/cpsanjuandelacadena.educacion.navarra.es\/web\/\",\"name\":\"CP San Juan de la Cadena - Pamplona\",\"description\":\"Sitio web del CP San Juan de la Cadena\",\"potentialAction\":[{\"@type\":\"SearchAction\",\"target\":{\"@type\":\"EntryPoint\",\"urlTemplate\":\"https:\/\/cpsanjuandelacadena.educacion.navarra.es\/web\/?s={search_term_string}\"},\"query-input\":\"required name=search_term_string\"}],\"inLanguage\":\"es\"}]}<\/script>\n<!-- \/ Yoast SEO plugin. -->","yoast_head_json":{"title":"Reconocimiento de nuestro trabajo - CP San Juan de la Cadena - Pamplona","robots":{"index":"index","follow":"follow","max-snippet":"max-snippet:-1","max-image-preview":"max-image-preview:large","max-video-preview":"max-video-preview:-1"},"canonical":"https:\/\/cpsanjuandelacadena.educacion.navarra.es\/web\/reconocimiento-de-nuestro-trabajo\/","og_locale":"es_ES","og_type":"article","og_title":"Reconocimiento de nuestro trabajo - CP San Juan de la Cadena - Pamplona","og_description":"&#8211; En junio de 2006 el colegio obtuvo el Primer Premio de Innovaci\u00f3n en el \u00e1rea de competencias ling\u00fc\u00edsticas concedido por el Departamento de Educaci\u00f3n de Navarra por el proyecto \u201cUso del Kamishibai en el Taller de Cuentos\u201d. Como premio, dicho departamento nos public\u00f3 cuatro kamishibais elaborados en torno a dicho taller para distribuirlos por [&hellip;]","og_url":"https:\/\/cpsanjuandelacadena.educacion.navarra.es\/web\/reconocimiento-de-nuestro-trabajo\/","og_site_name":"CP San Juan de la Cadena - Pamplona","twitter_card":"summary_large_image","twitter_misc":{"Tiempo de lectura":"1 minuto"},"schema":{"@context":"https:\/\/schema.org","@graph":[{"@type":"WebPage","@id":"https:\/\/cpsanjuandelacadena.educacion.navarra.es\/web\/reconocimiento-de-nuestro-trabajo\/","url":"https:\/\/cpsanjuandelacadena.educacion.navarra.es\/web\/reconocimiento-de-nuestro-trabajo\/","name":"Reconocimiento de nuestro trabajo - CP San Juan de la Cadena - Pamplona","isPartOf":{"@id":"https:\/\/cpsanjuandelacadena.educacion.navarra.es\/web\/#website"},"datePublished":"2018-10-28T23:14:57+00:00","dateModified":"2018-10-28T23:14:57+00:00","breadcrumb":{"@id":"https:\/\/cpsanjuandelacadena.educacion.navarra.es\/web\/reconocimiento-de-nuestro-trabajo\/#breadcrumb"},"inLanguage":"es","potentialAction":[{"@type":"ReadAction","target":["https:\/\/cpsanjuandelacadena.educacion.navarra.es\/web\/reconocimiento-de-nuestro-trabajo\/"]}]},{"@type":"BreadcrumbList","@id":"https:\/\/cpsanjuandelacadena.educacion.navarra.es\/web\/reconocimiento-de-nuestro-trabajo\/#breadcrumb","itemListElement":[{"@type":"ListItem","position":1,"name":"Home","item":"https:\/\/cpsanjuandelacadena.educacion.navarra.es\/web\/"},{"@type":"ListItem","position":2,"name":"Reconocimiento de nuestro trabajo"}]},{"@type":"WebSite","@id":"https:\/\/cpsanjuandelacadena.educacion.navarra.es\/web\/#website","url":"https:\/\/cpsanjuandelacadena.educacion.navarra.es\/web\/","name":"CP San Juan de la Cadena - Pamplona","description":"Sitio web del CP San Juan de la Cadena","potentialAction":[{"@type":"SearchAction","target":{"@type":"EntryPoint","urlTemplate":"https:\/\/cpsanjuandelacadena.educacion.navarra.es\/web\/?s={search_term_string}"},"query-input":"required name=search_term_string"}],"inLanguage":"es"}]}},"_links":{"self":[{"href":"https:\/\/cpsanjuandelacadena.educacion.navarra.es\/web\/wp-json\/wp\/v2\/pages\/1880"}],"collection":[{"href":"https:\/\/cpsanjuandelacadena.educacion.navarra.es\/web\/wp-json\/wp\/v2\/pages"}],"about":[{"href":"https:\/\/cpsanjuandelacadena.educacion.navarra.es\/web\/wp-json\/wp\/v2\/types\/page"}],"author":[{"embeddable":true,"href":"https:\/\/cpsanjuandelacadena.educacion.navarra.es\/web\/wp-json\/wp\/v2\/users\/1"}],"replies":[{"embeddable":true,"href":"https:\/\/cpsanjuandelacadena.educacion.navarra.es\/web\/wp-json\/wp\/v2\/comments?post=1880"}],"version-history":[{"count":0,"href":"https:\/\/cpsanjuandelacadena.educacion.navarra.es\/web\/wp-json\/wp\/v2\/pages\/1880\/revisions"}],"wp:attachment":[{"href":"https:\/\/cpsanjuandelacadena.educacion.navarra.es\/web\/wp-json\/wp\/v2\/media?parent=1880"}],"curies":[{"name":"wp","href":"https:\/\/api.w.org\/{rel}","templated":true}]}}