{"id":1871,"date":"2018-10-28T23:52:10","date_gmt":"2018-10-28T22:52:10","guid":{"rendered":"https:\/\/cpsanjuandelacadena.educacion.navarra.es\/web\/?page_id=1871"},"modified":"2018-11-01T20:41:25","modified_gmt":"2018-11-01T19:41:25","slug":"servicio-de-prestamo","status":"publish","type":"page","link":"https:\/\/cpsanjuandelacadena.educacion.navarra.es\/web\/servicio-de-prestamo\/","title":{"rendered":"Servicio de pr\u00e9stamo"},"content":{"rendered":"<p>Est\u00e1 disponible en nuestro colegio, para TODAS las familias,un servicio de pr\u00e9stamo de Kamishibais. Actualmente contamos con 277 ejemplares de diferentes procedencias: tra\u00eddos de Jap\u00f3n, realizados en el colegio y otros elaborados en colaboraci\u00f3n con alumnado y profesorado de otros centros.<\/p>\n<p>Disponemos de un <a href=\"https:\/\/cpsanjuandelacadena.educacion.navarra.es\/web\/wp-content\/uploads\/2018\/11\/Catalogo-kamishibai-20-9-2018.pdf\"> cat\u00e1logo<\/a>\u00a0que, para facilitar su consulta, dispone de diferentes campos como la edad sugerida, idioma en el que se encuentran, tem\u00e1tica\u2026 Para facilitar el pr\u00e9stamo se han elaborado: <a href=\"https:\/\/cpsanjuandelacadena.educacion.navarra.es\/web\/wp-content\/uploads\/2018\/11\/Lista-kamis.-en-infantil.pdf\">un listado de kamishibais en infantil<\/a> y otro de los <a href=\"https:\/\/cpsanjuandelacadena.educacion.navarra.es\/web\/wp-content\/uploads\/2018\/11\/Lista-de-kamis.-en-Primaria.pdf\">disponibles en primaria<\/a>.<\/p>\n<p>El pr\u00e9stamo se realiza los viernes por la tarde, de 16:45 a 17:30 en la sala de kamishibai del Edificio de Infantil.<br \/>\nFunciona como los pr\u00e9stamos de las bibliotecas. Se podr\u00e1n llevar hasta 2 ejemplares por familia y podr\u00e9is disfrutar de ellos durante 15 d\u00edas.<\/p>\n","protected":false},"excerpt":{"rendered":"<p>Est\u00e1 disponible en nuestro colegio, para TODAS las familias,un servicio de pr\u00e9stamo de Kamishibais. Actualmente contamos con 277 ejemplares de diferentes procedencias: tra\u00eddos de Jap\u00f3n, realizados en el colegio y otros elaborados en colaboraci\u00f3n con alumnado y profesorado de otros centros. Disponemos de un cat\u00e1logo\u00a0que, para facilitar su consulta, dispone de diferentes campos como la [&hellip;]<\/p>\n","protected":false},"author":1,"featured_media":0,"parent":0,"menu_order":0,"comment_status":"closed","ping_status":"closed","template":"","meta":{"_genesis_hide_title":false,"_genesis_hide_breadcrumbs":false,"_genesis_hide_singular_image":false,"_genesis_hide_footer_widgets":false,"_genesis_custom_body_class":"","_genesis_custom_post_class":"","_genesis_layout":""},"yoast_head":"<!-- This site is optimized with the Yoast SEO plugin v19.13 - https:\/\/yoast.com\/wordpress\/plugins\/seo\/ -->\n<title>Servicio de pr\u00e9stamo - CP San Juan de la Cadena - Pamplona<\/title>\n<meta name=\"robots\" content=\"index, follow, max-snippet:-1, max-image-preview:large, max-video-preview:-1\" \/>\n<link rel=\"canonical\" href=\"https:\/\/cpsanjuandelacadena.educacion.navarra.es\/web\/servicio-de-prestamo\/\" \/>\n<meta property=\"og:locale\" content=\"es_ES\" \/>\n<meta property=\"og:type\" content=\"article\" \/>\n<meta property=\"og:title\" content=\"Servicio de pr\u00e9stamo - CP San Juan de la Cadena - Pamplona\" \/>\n<meta property=\"og:description\" content=\"Est\u00e1 disponible en nuestro colegio, para TODAS las familias,un servicio de pr\u00e9stamo de Kamishibais. Actualmente contamos con 277 ejemplares de diferentes procedencias: tra\u00eddos de Jap\u00f3n, realizados en el colegio y otros elaborados en colaboraci\u00f3n con alumnado y profesorado de otros centros. Disponemos de un cat\u00e1logo\u00a0que, para facilitar su consulta, dispone de diferentes campos como la [&hellip;]\" \/>\n<meta property=\"og:url\" content=\"https:\/\/cpsanjuandelacadena.educacion.navarra.es\/web\/servicio-de-prestamo\/\" \/>\n<meta property=\"og:site_name\" content=\"CP San Juan de la Cadena - Pamplona\" \/>\n<meta property=\"article:modified_time\" content=\"2018-11-01T19:41:25+00:00\" \/>\n<meta name=\"twitter:card\" content=\"summary_large_image\" \/>\n<meta name=\"twitter:label1\" content=\"Tiempo de lectura\" \/>\n\t<meta name=\"twitter:data1\" content=\"1 minuto\" \/>\n<script type=\"application\/ld+json\" class=\"yoast-schema-graph\">{\"@context\":\"https:\/\/schema.org\",\"@graph\":[{\"@type\":\"WebPage\",\"@id\":\"https:\/\/cpsanjuandelacadena.educacion.navarra.es\/web\/servicio-de-prestamo\/\",\"url\":\"https:\/\/cpsanjuandelacadena.educacion.navarra.es\/web\/servicio-de-prestamo\/\",\"name\":\"Servicio de pr\u00e9stamo - CP San Juan de la Cadena - Pamplona\",\"isPartOf\":{\"@id\":\"https:\/\/cpsanjuandelacadena.educacion.navarra.es\/web\/#website\"},\"datePublished\":\"2018-10-28T22:52:10+00:00\",\"dateModified\":\"2018-11-01T19:41:25+00:00\",\"breadcrumb\":{\"@id\":\"https:\/\/cpsanjuandelacadena.educacion.navarra.es\/web\/servicio-de-prestamo\/#breadcrumb\"},\"inLanguage\":\"es\",\"potentialAction\":[{\"@type\":\"ReadAction\",\"target\":[\"https:\/\/cpsanjuandelacadena.educacion.navarra.es\/web\/servicio-de-prestamo\/\"]}]},{\"@type\":\"BreadcrumbList\",\"@id\":\"https:\/\/cpsanjuandelacadena.educacion.navarra.es\/web\/servicio-de-prestamo\/#breadcrumb\",\"itemListElement\":[{\"@type\":\"ListItem\",\"position\":1,\"name\":\"Home\",\"item\":\"https:\/\/cpsanjuandelacadena.educacion.navarra.es\/web\/\"},{\"@type\":\"ListItem\",\"position\":2,\"name\":\"Servicio de pr\u00e9stamo\"}]},{\"@type\":\"WebSite\",\"@id\":\"https:\/\/cpsanjuandelacadena.educacion.navarra.es\/web\/#website\",\"url\":\"https:\/\/cpsanjuandelacadena.educacion.navarra.es\/web\/\",\"name\":\"CP San Juan de la Cadena - Pamplona\",\"description\":\"Sitio web del CP San Juan de la Cadena\",\"potentialAction\":[{\"@type\":\"SearchAction\",\"target\":{\"@type\":\"EntryPoint\",\"urlTemplate\":\"https:\/\/cpsanjuandelacadena.educacion.navarra.es\/web\/?s={search_term_string}\"},\"query-input\":\"required name=search_term_string\"}],\"inLanguage\":\"es\"}]}<\/script>\n<!-- \/ Yoast SEO plugin. -->","yoast_head_json":{"title":"Servicio de pr\u00e9stamo - CP San Juan de la Cadena - Pamplona","robots":{"index":"index","follow":"follow","max-snippet":"max-snippet:-1","max-image-preview":"max-image-preview:large","max-video-preview":"max-video-preview:-1"},"canonical":"https:\/\/cpsanjuandelacadena.educacion.navarra.es\/web\/servicio-de-prestamo\/","og_locale":"es_ES","og_type":"article","og_title":"Servicio de pr\u00e9stamo - CP San Juan de la Cadena - Pamplona","og_description":"Est\u00e1 disponible en nuestro colegio, para TODAS las familias,un servicio de pr\u00e9stamo de Kamishibais. Actualmente contamos con 277 ejemplares de diferentes procedencias: tra\u00eddos de Jap\u00f3n, realizados en el colegio y otros elaborados en colaboraci\u00f3n con alumnado y profesorado de otros centros. Disponemos de un cat\u00e1logo\u00a0que, para facilitar su consulta, dispone de diferentes campos como la [&hellip;]","og_url":"https:\/\/cpsanjuandelacadena.educacion.navarra.es\/web\/servicio-de-prestamo\/","og_site_name":"CP San Juan de la Cadena - Pamplona","article_modified_time":"2018-11-01T19:41:25+00:00","twitter_card":"summary_large_image","twitter_misc":{"Tiempo de lectura":"1 minuto"},"schema":{"@context":"https:\/\/schema.org","@graph":[{"@type":"WebPage","@id":"https:\/\/cpsanjuandelacadena.educacion.navarra.es\/web\/servicio-de-prestamo\/","url":"https:\/\/cpsanjuandelacadena.educacion.navarra.es\/web\/servicio-de-prestamo\/","name":"Servicio de pr\u00e9stamo - CP San Juan de la Cadena - Pamplona","isPartOf":{"@id":"https:\/\/cpsanjuandelacadena.educacion.navarra.es\/web\/#website"},"datePublished":"2018-10-28T22:52:10+00:00","dateModified":"2018-11-01T19:41:25+00:00","breadcrumb":{"@id":"https:\/\/cpsanjuandelacadena.educacion.navarra.es\/web\/servicio-de-prestamo\/#breadcrumb"},"inLanguage":"es","potentialAction":[{"@type":"ReadAction","target":["https:\/\/cpsanjuandelacadena.educacion.navarra.es\/web\/servicio-de-prestamo\/"]}]},{"@type":"BreadcrumbList","@id":"https:\/\/cpsanjuandelacadena.educacion.navarra.es\/web\/servicio-de-prestamo\/#breadcrumb","itemListElement":[{"@type":"ListItem","position":1,"name":"Home","item":"https:\/\/cpsanjuandelacadena.educacion.navarra.es\/web\/"},{"@type":"ListItem","position":2,"name":"Servicio de pr\u00e9stamo"}]},{"@type":"WebSite","@id":"https:\/\/cpsanjuandelacadena.educacion.navarra.es\/web\/#website","url":"https:\/\/cpsanjuandelacadena.educacion.navarra.es\/web\/","name":"CP San Juan de la Cadena - Pamplona","description":"Sitio web del CP San Juan de la Cadena","potentialAction":[{"@type":"SearchAction","target":{"@type":"EntryPoint","urlTemplate":"https:\/\/cpsanjuandelacadena.educacion.navarra.es\/web\/?s={search_term_string}"},"query-input":"required name=search_term_string"}],"inLanguage":"es"}]}},"_links":{"self":[{"href":"https:\/\/cpsanjuandelacadena.educacion.navarra.es\/web\/wp-json\/wp\/v2\/pages\/1871"}],"collection":[{"href":"https:\/\/cpsanjuandelacadena.educacion.navarra.es\/web\/wp-json\/wp\/v2\/pages"}],"about":[{"href":"https:\/\/cpsanjuandelacadena.educacion.navarra.es\/web\/wp-json\/wp\/v2\/types\/page"}],"author":[{"embeddable":true,"href":"https:\/\/cpsanjuandelacadena.educacion.navarra.es\/web\/wp-json\/wp\/v2\/users\/1"}],"replies":[{"embeddable":true,"href":"https:\/\/cpsanjuandelacadena.educacion.navarra.es\/web\/wp-json\/wp\/v2\/comments?post=1871"}],"version-history":[{"count":0,"href":"https:\/\/cpsanjuandelacadena.educacion.navarra.es\/web\/wp-json\/wp\/v2\/pages\/1871\/revisions"}],"wp:attachment":[{"href":"https:\/\/cpsanjuandelacadena.educacion.navarra.es\/web\/wp-json\/wp\/v2\/media?parent=1871"}],"curies":[{"name":"wp","href":"https:\/\/api.w.org\/{rel}","templated":true}]}}