{"id":1869,"date":"2018-10-28T23:45:15","date_gmt":"2018-10-28T22:45:15","guid":{"rendered":"https:\/\/cpsanjuandelacadena.educacion.navarra.es\/web\/?page_id=1869"},"modified":"2018-10-28T23:45:15","modified_gmt":"2018-10-28T22:45:15","slug":"taller-de-kamishibai-dirigido-a-familiares-de-nuestro-alumnado","status":"publish","type":"page","link":"https:\/\/cpsanjuandelacadena.educacion.navarra.es\/web\/taller-de-kamishibai-dirigido-a-familiares-de-nuestro-alumnado\/","title":{"rendered":"Taller de Kamishibai dirigido a familiares de nuestro alumnado"},"content":{"rendered":"<p>Todos los viernes, de 15:00 a 17:30 horas, en el edificio de Infantil de nuestro centro nos reunimos algunas madres con Carmen para colaborar en el mantenimiento de la actividad de kamishibai en el centro.<\/p>\n<p>Las actividades que se realizan son diversas: atender el servicio de pr\u00e9stamos de kamishibais al que nos referimos en el apartado siguiente, mantenimiento y actualizaci\u00f3n de la biblioteca y del cat\u00e1logo de kamishibais, acompa\u00f1amiento a los alumnos cuando interpretan tanto en el colegio como en visitas a otros centros, adem\u00e1s de profundizar en el conocimiento de esta forma tan particular y entretenida de contar cuentos.<\/p>\n<p style=\"text-align: center;\"><strong><em>Necesitamos vuestra colaboraci\u00f3n para que esta actividad <\/em><\/strong><br \/>\n<strong><em>pueda tener continuidad en nuestro colegio.<\/em><\/strong><\/p>\n","protected":false},"excerpt":{"rendered":"<p>Todos los viernes, de 15:00 a 17:30 horas, en el edificio de Infantil de nuestro centro nos reunimos algunas madres con Carmen para colaborar en el mantenimiento de la actividad de kamishibai en el centro. Las actividades que se realizan son diversas: atender el servicio de pr\u00e9stamos de kamishibais al que nos referimos en el [&hellip;]<\/p>\n","protected":false},"author":1,"featured_media":0,"parent":0,"menu_order":0,"comment_status":"closed","ping_status":"closed","template":"","meta":{"_genesis_hide_title":false,"_genesis_hide_breadcrumbs":false,"_genesis_hide_singular_image":false,"_genesis_hide_footer_widgets":false,"_genesis_custom_body_class":"","_genesis_custom_post_class":"","_genesis_layout":""},"yoast_head":"<!-- This site is optimized with the Yoast SEO plugin v19.13 - https:\/\/yoast.com\/wordpress\/plugins\/seo\/ -->\n<title>Taller de Kamishibai dirigido a familiares de nuestro alumnado - CP San Juan de la Cadena - Pamplona<\/title>\n<meta name=\"robots\" content=\"index, follow, max-snippet:-1, max-image-preview:large, max-video-preview:-1\" \/>\n<link rel=\"canonical\" href=\"https:\/\/cpsanjuandelacadena.educacion.navarra.es\/web\/taller-de-kamishibai-dirigido-a-familiares-de-nuestro-alumnado\/\" \/>\n<meta property=\"og:locale\" content=\"es_ES\" \/>\n<meta property=\"og:type\" content=\"article\" \/>\n<meta property=\"og:title\" content=\"Taller de Kamishibai dirigido a familiares de nuestro alumnado - CP San Juan de la Cadena - Pamplona\" \/>\n<meta property=\"og:description\" content=\"Todos los viernes, de 15:00 a 17:30 horas, en el edificio de Infantil de nuestro centro nos reunimos algunas madres con Carmen para colaborar en el mantenimiento de la actividad de kamishibai en el centro. Las actividades que se realizan son diversas: atender el servicio de pr\u00e9stamos de kamishibais al que nos referimos en el [&hellip;]\" \/>\n<meta property=\"og:url\" content=\"https:\/\/cpsanjuandelacadena.educacion.navarra.es\/web\/taller-de-kamishibai-dirigido-a-familiares-de-nuestro-alumnado\/\" \/>\n<meta property=\"og:site_name\" content=\"CP San Juan de la Cadena - Pamplona\" \/>\n<meta name=\"twitter:card\" content=\"summary_large_image\" \/>\n<meta name=\"twitter:label1\" content=\"Tiempo de lectura\" \/>\n\t<meta name=\"twitter:data1\" content=\"1 minuto\" \/>\n<script type=\"application\/ld+json\" class=\"yoast-schema-graph\">{\"@context\":\"https:\/\/schema.org\",\"@graph\":[{\"@type\":\"WebPage\",\"@id\":\"https:\/\/cpsanjuandelacadena.educacion.navarra.es\/web\/taller-de-kamishibai-dirigido-a-familiares-de-nuestro-alumnado\/\",\"url\":\"https:\/\/cpsanjuandelacadena.educacion.navarra.es\/web\/taller-de-kamishibai-dirigido-a-familiares-de-nuestro-alumnado\/\",\"name\":\"Taller de Kamishibai dirigido a familiares de nuestro alumnado - CP San Juan de la Cadena - Pamplona\",\"isPartOf\":{\"@id\":\"https:\/\/cpsanjuandelacadena.educacion.navarra.es\/web\/#website\"},\"datePublished\":\"2018-10-28T22:45:15+00:00\",\"dateModified\":\"2018-10-28T22:45:15+00:00\",\"breadcrumb\":{\"@id\":\"https:\/\/cpsanjuandelacadena.educacion.navarra.es\/web\/taller-de-kamishibai-dirigido-a-familiares-de-nuestro-alumnado\/#breadcrumb\"},\"inLanguage\":\"es\",\"potentialAction\":[{\"@type\":\"ReadAction\",\"target\":[\"https:\/\/cpsanjuandelacadena.educacion.navarra.es\/web\/taller-de-kamishibai-dirigido-a-familiares-de-nuestro-alumnado\/\"]}]},{\"@type\":\"BreadcrumbList\",\"@id\":\"https:\/\/cpsanjuandelacadena.educacion.navarra.es\/web\/taller-de-kamishibai-dirigido-a-familiares-de-nuestro-alumnado\/#breadcrumb\",\"itemListElement\":[{\"@type\":\"ListItem\",\"position\":1,\"name\":\"Home\",\"item\":\"https:\/\/cpsanjuandelacadena.educacion.navarra.es\/web\/\"},{\"@type\":\"ListItem\",\"position\":2,\"name\":\"Taller de Kamishibai dirigido a familiares de nuestro alumnado\"}]},{\"@type\":\"WebSite\",\"@id\":\"https:\/\/cpsanjuandelacadena.educacion.navarra.es\/web\/#website\",\"url\":\"https:\/\/cpsanjuandelacadena.educacion.navarra.es\/web\/\",\"name\":\"CP San Juan de la Cadena - Pamplona\",\"description\":\"Sitio web del CP San Juan de la Cadena\",\"potentialAction\":[{\"@type\":\"SearchAction\",\"target\":{\"@type\":\"EntryPoint\",\"urlTemplate\":\"https:\/\/cpsanjuandelacadena.educacion.navarra.es\/web\/?s={search_term_string}\"},\"query-input\":\"required name=search_term_string\"}],\"inLanguage\":\"es\"}]}<\/script>\n<!-- \/ Yoast SEO plugin. -->","yoast_head_json":{"title":"Taller de Kamishibai dirigido a familiares de nuestro alumnado - CP San Juan de la Cadena - Pamplona","robots":{"index":"index","follow":"follow","max-snippet":"max-snippet:-1","max-image-preview":"max-image-preview:large","max-video-preview":"max-video-preview:-1"},"canonical":"https:\/\/cpsanjuandelacadena.educacion.navarra.es\/web\/taller-de-kamishibai-dirigido-a-familiares-de-nuestro-alumnado\/","og_locale":"es_ES","og_type":"article","og_title":"Taller de Kamishibai dirigido a familiares de nuestro alumnado - CP San Juan de la Cadena - Pamplona","og_description":"Todos los viernes, de 15:00 a 17:30 horas, en el edificio de Infantil de nuestro centro nos reunimos algunas madres con Carmen para colaborar en el mantenimiento de la actividad de kamishibai en el centro. Las actividades que se realizan son diversas: atender el servicio de pr\u00e9stamos de kamishibais al que nos referimos en el [&hellip;]","og_url":"https:\/\/cpsanjuandelacadena.educacion.navarra.es\/web\/taller-de-kamishibai-dirigido-a-familiares-de-nuestro-alumnado\/","og_site_name":"CP San Juan de la Cadena - Pamplona","twitter_card":"summary_large_image","twitter_misc":{"Tiempo de lectura":"1 minuto"},"schema":{"@context":"https:\/\/schema.org","@graph":[{"@type":"WebPage","@id":"https:\/\/cpsanjuandelacadena.educacion.navarra.es\/web\/taller-de-kamishibai-dirigido-a-familiares-de-nuestro-alumnado\/","url":"https:\/\/cpsanjuandelacadena.educacion.navarra.es\/web\/taller-de-kamishibai-dirigido-a-familiares-de-nuestro-alumnado\/","name":"Taller de Kamishibai dirigido a familiares de nuestro alumnado - CP San Juan de la Cadena - Pamplona","isPartOf":{"@id":"https:\/\/cpsanjuandelacadena.educacion.navarra.es\/web\/#website"},"datePublished":"2018-10-28T22:45:15+00:00","dateModified":"2018-10-28T22:45:15+00:00","breadcrumb":{"@id":"https:\/\/cpsanjuandelacadena.educacion.navarra.es\/web\/taller-de-kamishibai-dirigido-a-familiares-de-nuestro-alumnado\/#breadcrumb"},"inLanguage":"es","potentialAction":[{"@type":"ReadAction","target":["https:\/\/cpsanjuandelacadena.educacion.navarra.es\/web\/taller-de-kamishibai-dirigido-a-familiares-de-nuestro-alumnado\/"]}]},{"@type":"BreadcrumbList","@id":"https:\/\/cpsanjuandelacadena.educacion.navarra.es\/web\/taller-de-kamishibai-dirigido-a-familiares-de-nuestro-alumnado\/#breadcrumb","itemListElement":[{"@type":"ListItem","position":1,"name":"Home","item":"https:\/\/cpsanjuandelacadena.educacion.navarra.es\/web\/"},{"@type":"ListItem","position":2,"name":"Taller de Kamishibai dirigido a familiares de nuestro alumnado"}]},{"@type":"WebSite","@id":"https:\/\/cpsanjuandelacadena.educacion.navarra.es\/web\/#website","url":"https:\/\/cpsanjuandelacadena.educacion.navarra.es\/web\/","name":"CP San Juan de la Cadena - Pamplona","description":"Sitio web del CP San Juan de la Cadena","potentialAction":[{"@type":"SearchAction","target":{"@type":"EntryPoint","urlTemplate":"https:\/\/cpsanjuandelacadena.educacion.navarra.es\/web\/?s={search_term_string}"},"query-input":"required name=search_term_string"}],"inLanguage":"es"}]}},"_links":{"self":[{"href":"https:\/\/cpsanjuandelacadena.educacion.navarra.es\/web\/wp-json\/wp\/v2\/pages\/1869"}],"collection":[{"href":"https:\/\/cpsanjuandelacadena.educacion.navarra.es\/web\/wp-json\/wp\/v2\/pages"}],"about":[{"href":"https:\/\/cpsanjuandelacadena.educacion.navarra.es\/web\/wp-json\/wp\/v2\/types\/page"}],"author":[{"embeddable":true,"href":"https:\/\/cpsanjuandelacadena.educacion.navarra.es\/web\/wp-json\/wp\/v2\/users\/1"}],"replies":[{"embeddable":true,"href":"https:\/\/cpsanjuandelacadena.educacion.navarra.es\/web\/wp-json\/wp\/v2\/comments?post=1869"}],"version-history":[{"count":0,"href":"https:\/\/cpsanjuandelacadena.educacion.navarra.es\/web\/wp-json\/wp\/v2\/pages\/1869\/revisions"}],"wp:attachment":[{"href":"https:\/\/cpsanjuandelacadena.educacion.navarra.es\/web\/wp-json\/wp\/v2\/media?parent=1869"}],"curies":[{"name":"wp","href":"https:\/\/api.w.org\/{rel}","templated":true}]}}