{"id":1865,"date":"2018-10-28T22:58:12","date_gmt":"2018-10-28T21:58:12","guid":{"rendered":"https:\/\/cpsanjuandelacadena.educacion.navarra.es\/web\/?page_id=1865"},"modified":"2018-10-28T23:43:11","modified_gmt":"2018-10-28T22:43:11","slug":"taller-de-kamishibai-con-el-alumnado","status":"publish","type":"page","link":"https:\/\/cpsanjuandelacadena.educacion.navarra.es\/web\/taller-de-kamishibai-con-el-alumnado\/","title":{"rendered":"Taller de kamishibai con el alumnado"},"content":{"rendered":"<p>Desde el curso 2002-2003, tenemos una actividad extraescolar en el colegio: \u201cTaller de Kamishibai\u201d ofertada por el claustro de profesores al alumnado de 5\u00ba curso de Primaria. La profesora responsable de la actividad desde el comienzo ha sido Carmen Aldama que ha contado con la colaboraci\u00f3n del resto de la comunidad escolar, de forma especial de la madre Reiko Furuno los primeros a\u00f1os, de la profesora Carmen Varea y, desde el curso 2014-2015, con la de Ana Mart\u00ednez y Vicky Lizarraga.<\/p>\n<p>En este taller el alumnado participante aprende a interpretar\/leer los kamishibais y crea sus propios kamishibais que luego se incorporan a la biblioteca del colegio.<\/p>\n<p><a href=\"https:\/\/cpsanjuandelacadena.educacion.navarra.es\/web\/wp-content\/uploads\/2018\/10\/1_.jpg\"><img loading=\"lazy\" class=\"aligncenter size-full wp-image-1849\" src=\"https:\/\/cpsanjuandelacadena.educacion.navarra.es\/web\/wp-content\/uploads\/2018\/10\/1_.jpg\" alt=\"\" width=\"350\" height=\"238\" srcset=\"https:\/\/cpsanjuandelacadena.educacion.navarra.es\/web\/wp-content\/uploads\/2018\/10\/1_.jpg 350w, https:\/\/cpsanjuandelacadena.educacion.navarra.es\/web\/wp-content\/uploads\/2018\/10\/1_-300x204.jpg 300w\" sizes=\"(max-width: 350px) 100vw, 350px\" \/><\/a><\/p>\n<p>&nbsp;<\/p>\n<p>Esta actividad persigue que ni\u00f1as y ni\u00f1os despierten su inter\u00e9s por la lectura y la escritura; desarrollen su capacidad de comunicaci\u00f3n adquiriendo destrezas para la expresi\u00f3n oral, escrita y gr\u00e1fica; todo ello fomentando el trabajo en colaboraci\u00f3n con otros. Las interpretaciones las realizan en las clases del centro y en sesiones abiertas a las familias del colegio, en otros centros escolares y en bibliotecas p\u00fablicas.<\/p>\n<p><a href=\"https:\/\/cpsanjuandelacadena.educacion.navarra.es\/web\/wp-content\/uploads\/2018\/10\/2_.jpg\"><img loading=\"lazy\" class=\"aligncenter size-full wp-image-1850\" src=\"https:\/\/cpsanjuandelacadena.educacion.navarra.es\/web\/wp-content\/uploads\/2018\/10\/2_.jpg\" alt=\"\" width=\"496\" height=\"336\" srcset=\"https:\/\/cpsanjuandelacadena.educacion.navarra.es\/web\/wp-content\/uploads\/2018\/10\/2_.jpg 496w, https:\/\/cpsanjuandelacadena.educacion.navarra.es\/web\/wp-content\/uploads\/2018\/10\/2_-300x203.jpg 300w\" sizes=\"(max-width: 496px) 100vw, 496px\" \/><\/a><\/p>\n<p>&nbsp;<\/p>\n<p>A lo largo de estos cursos, hasta el 2017-2018, han participado en el taller 260 alumnas y alumnos y se han elaborado 116 kamishibais en el taller. Estos kamishibais pasan a formar parte de los fondos del centro para su uso educativo posterior.<\/p>\n<p>Ocasionalmente, en las clases con los profesores respectivos, tutores o especialistas de ingl\u00e9s, se realiza una actividad similar a la del Taller de kamishibai. A lo largo de los a\u00f1os, destacamos las experiencias realizadas en clases de 3\u00ba de Educaci\u00f3n Infantil, en el 1er y 3er ciclo de Primaria, y en 5\u00ba con la profesora de ingl\u00e9s.Tambi\u00e9n se han adaptado 15 textos para kamishibais comprados en Jap\u00f3n.<\/p>\n","protected":false},"excerpt":{"rendered":"<p>Desde el curso 2002-2003, tenemos una actividad extraescolar en el colegio: \u201cTaller de Kamishibai\u201d ofertada por el claustro de profesores al alumnado de 5\u00ba curso de Primaria. La profesora responsable de la actividad desde el comienzo ha sido Carmen Aldama que ha contado con la colaboraci\u00f3n del resto de la comunidad escolar, de forma especial [&hellip;]<\/p>\n","protected":false},"author":1,"featured_media":0,"parent":0,"menu_order":0,"comment_status":"closed","ping_status":"closed","template":"","meta":{"_genesis_hide_title":false,"_genesis_hide_breadcrumbs":false,"_genesis_hide_singular_image":false,"_genesis_hide_footer_widgets":false,"_genesis_custom_body_class":"","_genesis_custom_post_class":"","_genesis_layout":""},"yoast_head":"<!-- This site is optimized with the Yoast SEO plugin v19.13 - https:\/\/yoast.com\/wordpress\/plugins\/seo\/ -->\n<title>Taller de kamishibai con el alumnado - CP San Juan de la Cadena - Pamplona<\/title>\n<meta name=\"robots\" content=\"index, follow, max-snippet:-1, max-image-preview:large, max-video-preview:-1\" \/>\n<link rel=\"canonical\" href=\"https:\/\/cpsanjuandelacadena.educacion.navarra.es\/web\/taller-de-kamishibai-con-el-alumnado\/\" \/>\n<meta property=\"og:locale\" content=\"es_ES\" \/>\n<meta property=\"og:type\" content=\"article\" \/>\n<meta property=\"og:title\" content=\"Taller de kamishibai con el alumnado - CP San Juan de la Cadena - Pamplona\" \/>\n<meta property=\"og:description\" content=\"Desde el curso 2002-2003, tenemos una actividad extraescolar en el colegio: \u201cTaller de Kamishibai\u201d ofertada por el claustro de profesores al alumnado de 5\u00ba curso de Primaria. La profesora responsable de la actividad desde el comienzo ha sido Carmen Aldama que ha contado con la colaboraci\u00f3n del resto de la comunidad escolar, de forma especial [&hellip;]\" \/>\n<meta property=\"og:url\" content=\"https:\/\/cpsanjuandelacadena.educacion.navarra.es\/web\/taller-de-kamishibai-con-el-alumnado\/\" \/>\n<meta property=\"og:site_name\" content=\"CP San Juan de la Cadena - Pamplona\" \/>\n<meta property=\"article:modified_time\" content=\"2018-10-28T22:43:11+00:00\" \/>\n<meta property=\"og:image\" content=\"https:\/\/cpsanjuandelacadena.educacion.navarra.es\/web\/wp-content\/uploads\/2018\/10\/1_.jpg\" \/>\n<meta name=\"twitter:card\" content=\"summary_large_image\" \/>\n<meta name=\"twitter:label1\" content=\"Tiempo de lectura\" \/>\n\t<meta name=\"twitter:data1\" content=\"1 minuto\" \/>\n<script type=\"application\/ld+json\" class=\"yoast-schema-graph\">{\"@context\":\"https:\/\/schema.org\",\"@graph\":[{\"@type\":\"WebPage\",\"@id\":\"https:\/\/cpsanjuandelacadena.educacion.navarra.es\/web\/taller-de-kamishibai-con-el-alumnado\/\",\"url\":\"https:\/\/cpsanjuandelacadena.educacion.navarra.es\/web\/taller-de-kamishibai-con-el-alumnado\/\",\"name\":\"Taller de kamishibai con el alumnado - CP San Juan de la Cadena - Pamplona\",\"isPartOf\":{\"@id\":\"https:\/\/cpsanjuandelacadena.educacion.navarra.es\/web\/#website\"},\"datePublished\":\"2018-10-28T21:58:12+00:00\",\"dateModified\":\"2018-10-28T22:43:11+00:00\",\"breadcrumb\":{\"@id\":\"https:\/\/cpsanjuandelacadena.educacion.navarra.es\/web\/taller-de-kamishibai-con-el-alumnado\/#breadcrumb\"},\"inLanguage\":\"es\",\"potentialAction\":[{\"@type\":\"ReadAction\",\"target\":[\"https:\/\/cpsanjuandelacadena.educacion.navarra.es\/web\/taller-de-kamishibai-con-el-alumnado\/\"]}]},{\"@type\":\"BreadcrumbList\",\"@id\":\"https:\/\/cpsanjuandelacadena.educacion.navarra.es\/web\/taller-de-kamishibai-con-el-alumnado\/#breadcrumb\",\"itemListElement\":[{\"@type\":\"ListItem\",\"position\":1,\"name\":\"Home\",\"item\":\"https:\/\/cpsanjuandelacadena.educacion.navarra.es\/web\/\"},{\"@type\":\"ListItem\",\"position\":2,\"name\":\"Taller de kamishibai con el alumnado\"}]},{\"@type\":\"WebSite\",\"@id\":\"https:\/\/cpsanjuandelacadena.educacion.navarra.es\/web\/#website\",\"url\":\"https:\/\/cpsanjuandelacadena.educacion.navarra.es\/web\/\",\"name\":\"CP San Juan de la Cadena - Pamplona\",\"description\":\"Sitio web del CP San Juan de la Cadena\",\"potentialAction\":[{\"@type\":\"SearchAction\",\"target\":{\"@type\":\"EntryPoint\",\"urlTemplate\":\"https:\/\/cpsanjuandelacadena.educacion.navarra.es\/web\/?s={search_term_string}\"},\"query-input\":\"required name=search_term_string\"}],\"inLanguage\":\"es\"}]}<\/script>\n<!-- \/ Yoast SEO plugin. -->","yoast_head_json":{"title":"Taller de kamishibai con el alumnado - CP San Juan de la Cadena - Pamplona","robots":{"index":"index","follow":"follow","max-snippet":"max-snippet:-1","max-image-preview":"max-image-preview:large","max-video-preview":"max-video-preview:-1"},"canonical":"https:\/\/cpsanjuandelacadena.educacion.navarra.es\/web\/taller-de-kamishibai-con-el-alumnado\/","og_locale":"es_ES","og_type":"article","og_title":"Taller de kamishibai con el alumnado - CP San Juan de la Cadena - Pamplona","og_description":"Desde el curso 2002-2003, tenemos una actividad extraescolar en el colegio: \u201cTaller de Kamishibai\u201d ofertada por el claustro de profesores al alumnado de 5\u00ba curso de Primaria. La profesora responsable de la actividad desde el comienzo ha sido Carmen Aldama que ha contado con la colaboraci\u00f3n del resto de la comunidad escolar, de forma especial [&hellip;]","og_url":"https:\/\/cpsanjuandelacadena.educacion.navarra.es\/web\/taller-de-kamishibai-con-el-alumnado\/","og_site_name":"CP San Juan de la Cadena - Pamplona","article_modified_time":"2018-10-28T22:43:11+00:00","og_image":[{"url":"https:\/\/cpsanjuandelacadena.educacion.navarra.es\/web\/wp-content\/uploads\/2018\/10\/1_.jpg"}],"twitter_card":"summary_large_image","twitter_misc":{"Tiempo de lectura":"1 minuto"},"schema":{"@context":"https:\/\/schema.org","@graph":[{"@type":"WebPage","@id":"https:\/\/cpsanjuandelacadena.educacion.navarra.es\/web\/taller-de-kamishibai-con-el-alumnado\/","url":"https:\/\/cpsanjuandelacadena.educacion.navarra.es\/web\/taller-de-kamishibai-con-el-alumnado\/","name":"Taller de kamishibai con el alumnado - CP San Juan de la Cadena - Pamplona","isPartOf":{"@id":"https:\/\/cpsanjuandelacadena.educacion.navarra.es\/web\/#website"},"datePublished":"2018-10-28T21:58:12+00:00","dateModified":"2018-10-28T22:43:11+00:00","breadcrumb":{"@id":"https:\/\/cpsanjuandelacadena.educacion.navarra.es\/web\/taller-de-kamishibai-con-el-alumnado\/#breadcrumb"},"inLanguage":"es","potentialAction":[{"@type":"ReadAction","target":["https:\/\/cpsanjuandelacadena.educacion.navarra.es\/web\/taller-de-kamishibai-con-el-alumnado\/"]}]},{"@type":"BreadcrumbList","@id":"https:\/\/cpsanjuandelacadena.educacion.navarra.es\/web\/taller-de-kamishibai-con-el-alumnado\/#breadcrumb","itemListElement":[{"@type":"ListItem","position":1,"name":"Home","item":"https:\/\/cpsanjuandelacadena.educacion.navarra.es\/web\/"},{"@type":"ListItem","position":2,"name":"Taller de kamishibai con el alumnado"}]},{"@type":"WebSite","@id":"https:\/\/cpsanjuandelacadena.educacion.navarra.es\/web\/#website","url":"https:\/\/cpsanjuandelacadena.educacion.navarra.es\/web\/","name":"CP San Juan de la Cadena - Pamplona","description":"Sitio web del CP San Juan de la Cadena","potentialAction":[{"@type":"SearchAction","target":{"@type":"EntryPoint","urlTemplate":"https:\/\/cpsanjuandelacadena.educacion.navarra.es\/web\/?s={search_term_string}"},"query-input":"required name=search_term_string"}],"inLanguage":"es"}]}},"_links":{"self":[{"href":"https:\/\/cpsanjuandelacadena.educacion.navarra.es\/web\/wp-json\/wp\/v2\/pages\/1865"}],"collection":[{"href":"https:\/\/cpsanjuandelacadena.educacion.navarra.es\/web\/wp-json\/wp\/v2\/pages"}],"about":[{"href":"https:\/\/cpsanjuandelacadena.educacion.navarra.es\/web\/wp-json\/wp\/v2\/types\/page"}],"author":[{"embeddable":true,"href":"https:\/\/cpsanjuandelacadena.educacion.navarra.es\/web\/wp-json\/wp\/v2\/users\/1"}],"replies":[{"embeddable":true,"href":"https:\/\/cpsanjuandelacadena.educacion.navarra.es\/web\/wp-json\/wp\/v2\/comments?post=1865"}],"version-history":[{"count":0,"href":"https:\/\/cpsanjuandelacadena.educacion.navarra.es\/web\/wp-json\/wp\/v2\/pages\/1865\/revisions"}],"wp:attachment":[{"href":"https:\/\/cpsanjuandelacadena.educacion.navarra.es\/web\/wp-json\/wp\/v2\/media?parent=1865"}],"curies":[{"name":"wp","href":"https:\/\/api.w.org\/{rel}","templated":true}]}}