{"id":1859,"date":"2018-10-28T22:42:16","date_gmt":"2018-10-28T21:42:16","guid":{"rendered":"https:\/\/cpsanjuandelacadena.educacion.navarra.es\/web\/?page_id=1859"},"modified":"2018-11-01T20:04:17","modified_gmt":"2018-11-01T19:04:17","slug":"historia-de-kamishibai-su-inicio","status":"publish","type":"page","link":"https:\/\/cpsanjuandelacadena.educacion.navarra.es\/web\/historia-de-kamishibai-su-inicio\/","title":{"rendered":"Historia del kamishibai. Su inicio"},"content":{"rendered":"<p>Estamos en 1930, en una de las calles m\u00e1s populosas de Tokio. A lo lejos se ve llegar a un hombre en bicicleta. El hombre se apea de ella y golpea dos bloques de madera para anunciar su llegada. Pronto empiezan a juntarse en torno a \u00e9l decenas de ni\u00f1os.<\/p>\n<p>&nbsp;<\/p>\n<p><a href=\"https:\/\/cpsanjuandelacadena.educacion.navarra.es\/web\/wp-content\/uploads\/2017\/03\/De-Kamishibai-Man.jpg\"><img loading=\"lazy\" class=\"wp-image-1133 alignright\" src=\"https:\/\/cpsanjuandelacadena.educacion.navarra.es\/web\/wp-content\/uploads\/2017\/03\/De-Kamishibai-Man.jpg\" alt=\"\" width=\"301\" height=\"237\" srcset=\"https:\/\/cpsanjuandelacadena.educacion.navarra.es\/web\/wp-content\/uploads\/2017\/03\/De-Kamishibai-Man.jpg 800w, https:\/\/cpsanjuandelacadena.educacion.navarra.es\/web\/wp-content\/uploads\/2017\/03\/De-Kamishibai-Man-300x236.jpg 300w, https:\/\/cpsanjuandelacadena.educacion.navarra.es\/web\/wp-content\/uploads\/2017\/03\/De-Kamishibai-Man-768x604.jpg 768w, https:\/\/cpsanjuandelacadena.educacion.navarra.es\/web\/wp-content\/uploads\/2017\/03\/De-Kamishibai-Man-600x472.jpg 600w\" sizes=\"(max-width: 301px) 100vw, 301px\" \/><\/a><a href=\"https:\/\/cpsanjuandelacadena.educacion.navarra.es\/web\/wp-content\/uploads\/2017\/03\/De-Kamishibai-Man-2.jpg\"><img loading=\"lazy\" class=\"wp-image-1132 aligncenter\" src=\"https:\/\/cpsanjuandelacadena.educacion.navarra.es\/web\/wp-content\/uploads\/2017\/03\/De-Kamishibai-Man-2.jpg\" alt=\"\" width=\"301\" height=\"241\" srcset=\"https:\/\/cpsanjuandelacadena.educacion.navarra.es\/web\/wp-content\/uploads\/2017\/03\/De-Kamishibai-Man-2.jpg 800w, https:\/\/cpsanjuandelacadena.educacion.navarra.es\/web\/wp-content\/uploads\/2017\/03\/De-Kamishibai-Man-2-300x241.jpg 300w, https:\/\/cpsanjuandelacadena.educacion.navarra.es\/web\/wp-content\/uploads\/2017\/03\/De-Kamishibai-Man-2-768x617.jpg 768w, https:\/\/cpsanjuandelacadena.educacion.navarra.es\/web\/wp-content\/uploads\/2017\/03\/De-Kamishibai-Man-2-600x482.jpg 600w\" sizes=\"(max-width: 301px) 100vw, 301px\" \/><\/a><\/p>\n<p>&nbsp;<\/p>\n<p>Es l\u00f3gico, el hombre es un vendedor de golosinas. Pero, adem\u00e1s, trae consigo el kamishibai. Saca un teatrillo de madera del tama\u00f1o de un malet\u00edn, por el que comienza a deslizar unas l\u00e1minas con unos dibujos de trazos gruesos y sencillos. En su reverso est\u00e1 escrito un cuento con di\u00e1logos vivaces, que el hombre lee. Los ni\u00f1os escuchan y miran boquiabiertos, gritan aterrados, o r\u00eden a pleno pulm\u00f3n.<\/p>\n<p>El kamishibai nunca falla, es m\u00e1gico, siempre consigue atrapar la atenci\u00f3n de los ni\u00f1os y los hace atravesar esa l\u00ednea que separa la fantas\u00eda de la realidad.<\/p>\n<p>\u00c9ste es, pues, el origen del kamishibai. Surgi\u00f3 en Jap\u00f3n, durante la crisis econ\u00f3mica de finales de los a\u00f1os 20 del siglo pasado, como una f\u00f3rmula para combatir el desempleo: el hombre de la bicicleta, tras el \u00e9xito de la representaci\u00f3n, vend\u00eda con m\u00e1s facilidad sus golosinas entre los felices ni\u00f1os.<\/p>\n<p>Tras unas d\u00e9cadas de declive, en los \u00faltimos a\u00f1os el kamishibai ha resurgido, esta vez ya como una actividad puramente l\u00fadica y pedag\u00f3gica, y lo ha hecho con tanta fuerza que su magia se ha extendido desde el pa\u00eds del Sol Naciente a otros continentes.<\/p>\n","protected":false},"excerpt":{"rendered":"<p>Estamos en 1930, en una de las calles m\u00e1s populosas de Tokio. A lo lejos se ve llegar a un hombre en bicicleta. El hombre se apea de ella y golpea dos bloques de madera para anunciar su llegada. Pronto empiezan a juntarse en torno a \u00e9l decenas de ni\u00f1os. &nbsp; &nbsp; Es l\u00f3gico, el [&hellip;]<\/p>\n","protected":false},"author":1,"featured_media":0,"parent":0,"menu_order":0,"comment_status":"closed","ping_status":"closed","template":"","meta":{"_genesis_hide_title":false,"_genesis_hide_breadcrumbs":false,"_genesis_hide_singular_image":false,"_genesis_hide_footer_widgets":false,"_genesis_custom_body_class":"","_genesis_custom_post_class":"","_genesis_layout":""},"yoast_head":"<!-- This site is optimized with the Yoast SEO plugin v19.13 - https:\/\/yoast.com\/wordpress\/plugins\/seo\/ -->\n<title>Historia del kamishibai. Su inicio - CP San Juan de la Cadena - Pamplona<\/title>\n<meta name=\"robots\" content=\"index, follow, max-snippet:-1, max-image-preview:large, max-video-preview:-1\" \/>\n<link rel=\"canonical\" href=\"https:\/\/cpsanjuandelacadena.educacion.navarra.es\/web\/historia-de-kamishibai-su-inicio\/\" \/>\n<meta property=\"og:locale\" content=\"es_ES\" \/>\n<meta property=\"og:type\" content=\"article\" \/>\n<meta property=\"og:title\" content=\"Historia del kamishibai. Su inicio - CP San Juan de la Cadena - Pamplona\" \/>\n<meta property=\"og:description\" content=\"Estamos en 1930, en una de las calles m\u00e1s populosas de Tokio. A lo lejos se ve llegar a un hombre en bicicleta. El hombre se apea de ella y golpea dos bloques de madera para anunciar su llegada. Pronto empiezan a juntarse en torno a \u00e9l decenas de ni\u00f1os. &nbsp; &nbsp; Es l\u00f3gico, el [&hellip;]\" \/>\n<meta property=\"og:url\" content=\"https:\/\/cpsanjuandelacadena.educacion.navarra.es\/web\/historia-de-kamishibai-su-inicio\/\" \/>\n<meta property=\"og:site_name\" content=\"CP San Juan de la Cadena - Pamplona\" \/>\n<meta property=\"article:modified_time\" content=\"2018-11-01T19:04:17+00:00\" \/>\n<meta property=\"og:image\" content=\"https:\/\/cpsanjuandelacadena.educacion.navarra.es\/web\/wp-content\/uploads\/2017\/03\/De-Kamishibai-Man.jpg\" \/>\n<meta name=\"twitter:card\" content=\"summary_large_image\" \/>\n<meta name=\"twitter:label1\" content=\"Tiempo de lectura\" \/>\n\t<meta name=\"twitter:data1\" content=\"1 minuto\" \/>\n<script type=\"application\/ld+json\" class=\"yoast-schema-graph\">{\"@context\":\"https:\/\/schema.org\",\"@graph\":[{\"@type\":\"WebPage\",\"@id\":\"https:\/\/cpsanjuandelacadena.educacion.navarra.es\/web\/historia-de-kamishibai-su-inicio\/\",\"url\":\"https:\/\/cpsanjuandelacadena.educacion.navarra.es\/web\/historia-de-kamishibai-su-inicio\/\",\"name\":\"Historia del kamishibai. Su inicio - CP San Juan de la Cadena - Pamplona\",\"isPartOf\":{\"@id\":\"https:\/\/cpsanjuandelacadena.educacion.navarra.es\/web\/#website\"},\"datePublished\":\"2018-10-28T21:42:16+00:00\",\"dateModified\":\"2018-11-01T19:04:17+00:00\",\"breadcrumb\":{\"@id\":\"https:\/\/cpsanjuandelacadena.educacion.navarra.es\/web\/historia-de-kamishibai-su-inicio\/#breadcrumb\"},\"inLanguage\":\"es\",\"potentialAction\":[{\"@type\":\"ReadAction\",\"target\":[\"https:\/\/cpsanjuandelacadena.educacion.navarra.es\/web\/historia-de-kamishibai-su-inicio\/\"]}]},{\"@type\":\"BreadcrumbList\",\"@id\":\"https:\/\/cpsanjuandelacadena.educacion.navarra.es\/web\/historia-de-kamishibai-su-inicio\/#breadcrumb\",\"itemListElement\":[{\"@type\":\"ListItem\",\"position\":1,\"name\":\"Home\",\"item\":\"https:\/\/cpsanjuandelacadena.educacion.navarra.es\/web\/\"},{\"@type\":\"ListItem\",\"position\":2,\"name\":\"Historia del kamishibai. Su inicio\"}]},{\"@type\":\"WebSite\",\"@id\":\"https:\/\/cpsanjuandelacadena.educacion.navarra.es\/web\/#website\",\"url\":\"https:\/\/cpsanjuandelacadena.educacion.navarra.es\/web\/\",\"name\":\"CP San Juan de la Cadena - Pamplona\",\"description\":\"Sitio web del CP San Juan de la Cadena\",\"potentialAction\":[{\"@type\":\"SearchAction\",\"target\":{\"@type\":\"EntryPoint\",\"urlTemplate\":\"https:\/\/cpsanjuandelacadena.educacion.navarra.es\/web\/?s={search_term_string}\"},\"query-input\":\"required name=search_term_string\"}],\"inLanguage\":\"es\"}]}<\/script>\n<!-- \/ Yoast SEO plugin. -->","yoast_head_json":{"title":"Historia del kamishibai. Su inicio - CP San Juan de la Cadena - Pamplona","robots":{"index":"index","follow":"follow","max-snippet":"max-snippet:-1","max-image-preview":"max-image-preview:large","max-video-preview":"max-video-preview:-1"},"canonical":"https:\/\/cpsanjuandelacadena.educacion.navarra.es\/web\/historia-de-kamishibai-su-inicio\/","og_locale":"es_ES","og_type":"article","og_title":"Historia del kamishibai. Su inicio - CP San Juan de la Cadena - Pamplona","og_description":"Estamos en 1930, en una de las calles m\u00e1s populosas de Tokio. A lo lejos se ve llegar a un hombre en bicicleta. El hombre se apea de ella y golpea dos bloques de madera para anunciar su llegada. Pronto empiezan a juntarse en torno a \u00e9l decenas de ni\u00f1os. &nbsp; &nbsp; Es l\u00f3gico, el [&hellip;]","og_url":"https:\/\/cpsanjuandelacadena.educacion.navarra.es\/web\/historia-de-kamishibai-su-inicio\/","og_site_name":"CP San Juan de la Cadena - Pamplona","article_modified_time":"2018-11-01T19:04:17+00:00","og_image":[{"url":"https:\/\/cpsanjuandelacadena.educacion.navarra.es\/web\/wp-content\/uploads\/2017\/03\/De-Kamishibai-Man.jpg"}],"twitter_card":"summary_large_image","twitter_misc":{"Tiempo de lectura":"1 minuto"},"schema":{"@context":"https:\/\/schema.org","@graph":[{"@type":"WebPage","@id":"https:\/\/cpsanjuandelacadena.educacion.navarra.es\/web\/historia-de-kamishibai-su-inicio\/","url":"https:\/\/cpsanjuandelacadena.educacion.navarra.es\/web\/historia-de-kamishibai-su-inicio\/","name":"Historia del kamishibai. Su inicio - CP San Juan de la Cadena - Pamplona","isPartOf":{"@id":"https:\/\/cpsanjuandelacadena.educacion.navarra.es\/web\/#website"},"datePublished":"2018-10-28T21:42:16+00:00","dateModified":"2018-11-01T19:04:17+00:00","breadcrumb":{"@id":"https:\/\/cpsanjuandelacadena.educacion.navarra.es\/web\/historia-de-kamishibai-su-inicio\/#breadcrumb"},"inLanguage":"es","potentialAction":[{"@type":"ReadAction","target":["https:\/\/cpsanjuandelacadena.educacion.navarra.es\/web\/historia-de-kamishibai-su-inicio\/"]}]},{"@type":"BreadcrumbList","@id":"https:\/\/cpsanjuandelacadena.educacion.navarra.es\/web\/historia-de-kamishibai-su-inicio\/#breadcrumb","itemListElement":[{"@type":"ListItem","position":1,"name":"Home","item":"https:\/\/cpsanjuandelacadena.educacion.navarra.es\/web\/"},{"@type":"ListItem","position":2,"name":"Historia del kamishibai. Su inicio"}]},{"@type":"WebSite","@id":"https:\/\/cpsanjuandelacadena.educacion.navarra.es\/web\/#website","url":"https:\/\/cpsanjuandelacadena.educacion.navarra.es\/web\/","name":"CP San Juan de la Cadena - Pamplona","description":"Sitio web del CP San Juan de la Cadena","potentialAction":[{"@type":"SearchAction","target":{"@type":"EntryPoint","urlTemplate":"https:\/\/cpsanjuandelacadena.educacion.navarra.es\/web\/?s={search_term_string}"},"query-input":"required name=search_term_string"}],"inLanguage":"es"}]}},"_links":{"self":[{"href":"https:\/\/cpsanjuandelacadena.educacion.navarra.es\/web\/wp-json\/wp\/v2\/pages\/1859"}],"collection":[{"href":"https:\/\/cpsanjuandelacadena.educacion.navarra.es\/web\/wp-json\/wp\/v2\/pages"}],"about":[{"href":"https:\/\/cpsanjuandelacadena.educacion.navarra.es\/web\/wp-json\/wp\/v2\/types\/page"}],"author":[{"embeddable":true,"href":"https:\/\/cpsanjuandelacadena.educacion.navarra.es\/web\/wp-json\/wp\/v2\/users\/1"}],"replies":[{"embeddable":true,"href":"https:\/\/cpsanjuandelacadena.educacion.navarra.es\/web\/wp-json\/wp\/v2\/comments?post=1859"}],"version-history":[{"count":0,"href":"https:\/\/cpsanjuandelacadena.educacion.navarra.es\/web\/wp-json\/wp\/v2\/pages\/1859\/revisions"}],"wp:attachment":[{"href":"https:\/\/cpsanjuandelacadena.educacion.navarra.es\/web\/wp-json\/wp\/v2\/media?parent=1859"}],"curies":[{"name":"wp","href":"https:\/\/api.w.org\/{rel}","templated":true}]}}