{"id":1124,"date":"2017-03-20T15:12:19","date_gmt":"2017-03-20T14:12:19","guid":{"rendered":"http:\/\/cpsanjuandelacadena.educacion.navarra.es\/web\/?page_id=1124"},"modified":"2018-10-28T21:59:36","modified_gmt":"2018-10-28T20:59:36","slug":"que-es-el-kamishibai","status":"publish","type":"page","link":"https:\/\/cpsanjuandelacadena.educacion.navarra.es\/web\/que-es-el-kamishibai\/","title":{"rendered":"\u00bfQu\u00e9 es el kamishibai?"},"content":{"rendered":"<div style=\"margin: 40px;\">\n<h4 style=\"text-align: justify;\"><\/h4>\n<\/div>\n<p><a href=\"http:\/\/cpsanjuandelacadena.educacion.navarra.es\/web\/wp-content\/uploads\/2017\/03\/Butai-con-Momotaro.jpg\"><img loading=\"lazy\" class=\"wp-image-1125 alignleft\" src=\"http:\/\/cpsanjuandelacadena.educacion.navarra.es\/web\/wp-content\/uploads\/2017\/03\/Butai-con-Momotaro.jpg\" alt=\"\" width=\"237\" height=\"165\" srcset=\"https:\/\/cpsanjuandelacadena.educacion.navarra.es\/web\/wp-content\/uploads\/2017\/03\/Butai-con-Momotaro.jpg 800w, https:\/\/cpsanjuandelacadena.educacion.navarra.es\/web\/wp-content\/uploads\/2017\/03\/Butai-con-Momotaro-300x209.jpg 300w, https:\/\/cpsanjuandelacadena.educacion.navarra.es\/web\/wp-content\/uploads\/2017\/03\/Butai-con-Momotaro-768x535.jpg 768w, https:\/\/cpsanjuandelacadena.educacion.navarra.es\/web\/wp-content\/uploads\/2017\/03\/Butai-con-Momotaro-600x418.jpg 600w\" sizes=\"(max-width: 237px) 100vw, 237px\" \/><\/a>\u00a0<strong>Kamishibai,<\/strong> significa <em>\u201cteatro de papel\u201d<\/em> y es una forma de contar cuentos, popular en Jap\u00f3n. El kamishibai tiene una magia que acapara de forma especial la atenci\u00f3n de la audiencia.<\/p>\n<p style=\"text-align: justify;\">El kamishibai est\u00e1 formado por un conjunto de l\u00e1minas que tienen un dibujo en una cara y texto en la otra.<\/p>\n<p style=\"text-align: justify;\">Su contenido, generalmente en forma narrativa, puede referirse a un cuento o a alg\u00fan contenido de aprendizaje.<\/p>\n<p style=\"text-align: justify;\">La lectura\/<strong>interpretaci\u00f3n de kamishibai<\/strong> se realiza colocando las l\u00e1minas en orden sobre un soporte, \u201cbutai\u201d o teatrillo de tres puertas, de cara al p\u00fablico y deslizando las l\u00e1minas una tras otra mientras se lee el texto. Un int\u00e9rprete lee el texto mientras los espectadores contemplan los dibujos.<\/p>\n","protected":false},"excerpt":{"rendered":"<p>\u00a0Kamishibai, significa \u201cteatro de papel\u201d y es una forma de contar cuentos, popular en Jap\u00f3n. El kamishibai tiene una magia que acapara de forma especial la atenci\u00f3n de la audiencia. El kamishibai est\u00e1 formado por un conjunto de l\u00e1minas que tienen un dibujo en una cara y texto en la otra. Su contenido, generalmente en [&hellip;]<\/p>\n","protected":false},"author":1,"featured_media":0,"parent":0,"menu_order":0,"comment_status":"closed","ping_status":"closed","template":"","meta":{"_genesis_hide_title":false,"_genesis_hide_breadcrumbs":false,"_genesis_hide_singular_image":false,"_genesis_hide_footer_widgets":false,"_genesis_custom_body_class":"","_genesis_custom_post_class":"","_genesis_layout":""},"yoast_head":"<!-- This site is optimized with the Yoast SEO plugin v19.13 - https:\/\/yoast.com\/wordpress\/plugins\/seo\/ -->\n<title>\u00bfQu\u00e9 es el kamishibai? - CP San Juan de la Cadena - Pamplona<\/title>\n<meta name=\"robots\" content=\"index, follow, max-snippet:-1, max-image-preview:large, max-video-preview:-1\" \/>\n<link rel=\"canonical\" href=\"https:\/\/cpsanjuandelacadena.educacion.navarra.es\/web\/que-es-el-kamishibai\/\" \/>\n<meta property=\"og:locale\" content=\"es_ES\" \/>\n<meta property=\"og:type\" content=\"article\" \/>\n<meta property=\"og:title\" content=\"\u00bfQu\u00e9 es el kamishibai? - CP San Juan de la Cadena - Pamplona\" \/>\n<meta property=\"og:description\" content=\"\u00a0Kamishibai, significa \u201cteatro de papel\u201d y es una forma de contar cuentos, popular en Jap\u00f3n. El kamishibai tiene una magia que acapara de forma especial la atenci\u00f3n de la audiencia. El kamishibai est\u00e1 formado por un conjunto de l\u00e1minas que tienen un dibujo en una cara y texto en la otra. Su contenido, generalmente en [&hellip;]\" \/>\n<meta property=\"og:url\" content=\"https:\/\/cpsanjuandelacadena.educacion.navarra.es\/web\/que-es-el-kamishibai\/\" \/>\n<meta property=\"og:site_name\" content=\"CP San Juan de la Cadena - Pamplona\" \/>\n<meta property=\"article:modified_time\" content=\"2018-10-28T20:59:36+00:00\" \/>\n<meta property=\"og:image\" content=\"http:\/\/cpsanjuandelacadena.educacion.navarra.es\/web\/wp-content\/uploads\/2017\/03\/Butai-con-Momotaro.jpg\" \/>\n<meta name=\"twitter:card\" content=\"summary_large_image\" \/>\n<meta name=\"twitter:label1\" content=\"Tiempo de lectura\" \/>\n\t<meta name=\"twitter:data1\" content=\"1 minuto\" \/>\n<script type=\"application\/ld+json\" class=\"yoast-schema-graph\">{\"@context\":\"https:\/\/schema.org\",\"@graph\":[{\"@type\":\"WebPage\",\"@id\":\"https:\/\/cpsanjuandelacadena.educacion.navarra.es\/web\/que-es-el-kamishibai\/\",\"url\":\"https:\/\/cpsanjuandelacadena.educacion.navarra.es\/web\/que-es-el-kamishibai\/\",\"name\":\"\u00bfQu\u00e9 es el kamishibai? - CP San Juan de la Cadena - Pamplona\",\"isPartOf\":{\"@id\":\"https:\/\/cpsanjuandelacadena.educacion.navarra.es\/web\/#website\"},\"datePublished\":\"2017-03-20T14:12:19+00:00\",\"dateModified\":\"2018-10-28T20:59:36+00:00\",\"breadcrumb\":{\"@id\":\"https:\/\/cpsanjuandelacadena.educacion.navarra.es\/web\/que-es-el-kamishibai\/#breadcrumb\"},\"inLanguage\":\"es\",\"potentialAction\":[{\"@type\":\"ReadAction\",\"target\":[\"https:\/\/cpsanjuandelacadena.educacion.navarra.es\/web\/que-es-el-kamishibai\/\"]}]},{\"@type\":\"BreadcrumbList\",\"@id\":\"https:\/\/cpsanjuandelacadena.educacion.navarra.es\/web\/que-es-el-kamishibai\/#breadcrumb\",\"itemListElement\":[{\"@type\":\"ListItem\",\"position\":1,\"name\":\"Home\",\"item\":\"https:\/\/cpsanjuandelacadena.educacion.navarra.es\/web\/\"},{\"@type\":\"ListItem\",\"position\":2,\"name\":\"\u00bfQu\u00e9 es el kamishibai?\"}]},{\"@type\":\"WebSite\",\"@id\":\"https:\/\/cpsanjuandelacadena.educacion.navarra.es\/web\/#website\",\"url\":\"https:\/\/cpsanjuandelacadena.educacion.navarra.es\/web\/\",\"name\":\"CP San Juan de la Cadena - Pamplona\",\"description\":\"Sitio web del CP San Juan de la Cadena\",\"potentialAction\":[{\"@type\":\"SearchAction\",\"target\":{\"@type\":\"EntryPoint\",\"urlTemplate\":\"https:\/\/cpsanjuandelacadena.educacion.navarra.es\/web\/?s={search_term_string}\"},\"query-input\":\"required name=search_term_string\"}],\"inLanguage\":\"es\"}]}<\/script>\n<!-- \/ Yoast SEO plugin. -->","yoast_head_json":{"title":"\u00bfQu\u00e9 es el kamishibai? - CP San Juan de la Cadena - Pamplona","robots":{"index":"index","follow":"follow","max-snippet":"max-snippet:-1","max-image-preview":"max-image-preview:large","max-video-preview":"max-video-preview:-1"},"canonical":"https:\/\/cpsanjuandelacadena.educacion.navarra.es\/web\/que-es-el-kamishibai\/","og_locale":"es_ES","og_type":"article","og_title":"\u00bfQu\u00e9 es el kamishibai? - CP San Juan de la Cadena - Pamplona","og_description":"\u00a0Kamishibai, significa \u201cteatro de papel\u201d y es una forma de contar cuentos, popular en Jap\u00f3n. El kamishibai tiene una magia que acapara de forma especial la atenci\u00f3n de la audiencia. El kamishibai est\u00e1 formado por un conjunto de l\u00e1minas que tienen un dibujo en una cara y texto en la otra. Su contenido, generalmente en [&hellip;]","og_url":"https:\/\/cpsanjuandelacadena.educacion.navarra.es\/web\/que-es-el-kamishibai\/","og_site_name":"CP San Juan de la Cadena - Pamplona","article_modified_time":"2018-10-28T20:59:36+00:00","og_image":[{"url":"http:\/\/cpsanjuandelacadena.educacion.navarra.es\/web\/wp-content\/uploads\/2017\/03\/Butai-con-Momotaro.jpg"}],"twitter_card":"summary_large_image","twitter_misc":{"Tiempo de lectura":"1 minuto"},"schema":{"@context":"https:\/\/schema.org","@graph":[{"@type":"WebPage","@id":"https:\/\/cpsanjuandelacadena.educacion.navarra.es\/web\/que-es-el-kamishibai\/","url":"https:\/\/cpsanjuandelacadena.educacion.navarra.es\/web\/que-es-el-kamishibai\/","name":"\u00bfQu\u00e9 es el kamishibai? - CP San Juan de la Cadena - Pamplona","isPartOf":{"@id":"https:\/\/cpsanjuandelacadena.educacion.navarra.es\/web\/#website"},"datePublished":"2017-03-20T14:12:19+00:00","dateModified":"2018-10-28T20:59:36+00:00","breadcrumb":{"@id":"https:\/\/cpsanjuandelacadena.educacion.navarra.es\/web\/que-es-el-kamishibai\/#breadcrumb"},"inLanguage":"es","potentialAction":[{"@type":"ReadAction","target":["https:\/\/cpsanjuandelacadena.educacion.navarra.es\/web\/que-es-el-kamishibai\/"]}]},{"@type":"BreadcrumbList","@id":"https:\/\/cpsanjuandelacadena.educacion.navarra.es\/web\/que-es-el-kamishibai\/#breadcrumb","itemListElement":[{"@type":"ListItem","position":1,"name":"Home","item":"https:\/\/cpsanjuandelacadena.educacion.navarra.es\/web\/"},{"@type":"ListItem","position":2,"name":"\u00bfQu\u00e9 es el kamishibai?"}]},{"@type":"WebSite","@id":"https:\/\/cpsanjuandelacadena.educacion.navarra.es\/web\/#website","url":"https:\/\/cpsanjuandelacadena.educacion.navarra.es\/web\/","name":"CP San Juan de la Cadena - Pamplona","description":"Sitio web del CP San Juan de la Cadena","potentialAction":[{"@type":"SearchAction","target":{"@type":"EntryPoint","urlTemplate":"https:\/\/cpsanjuandelacadena.educacion.navarra.es\/web\/?s={search_term_string}"},"query-input":"required name=search_term_string"}],"inLanguage":"es"}]}},"_links":{"self":[{"href":"https:\/\/cpsanjuandelacadena.educacion.navarra.es\/web\/wp-json\/wp\/v2\/pages\/1124"}],"collection":[{"href":"https:\/\/cpsanjuandelacadena.educacion.navarra.es\/web\/wp-json\/wp\/v2\/pages"}],"about":[{"href":"https:\/\/cpsanjuandelacadena.educacion.navarra.es\/web\/wp-json\/wp\/v2\/types\/page"}],"author":[{"embeddable":true,"href":"https:\/\/cpsanjuandelacadena.educacion.navarra.es\/web\/wp-json\/wp\/v2\/users\/1"}],"replies":[{"embeddable":true,"href":"https:\/\/cpsanjuandelacadena.educacion.navarra.es\/web\/wp-json\/wp\/v2\/comments?post=1124"}],"version-history":[{"count":0,"href":"https:\/\/cpsanjuandelacadena.educacion.navarra.es\/web\/wp-json\/wp\/v2\/pages\/1124\/revisions"}],"wp:attachment":[{"href":"https:\/\/cpsanjuandelacadena.educacion.navarra.es\/web\/wp-json\/wp\/v2\/media?parent=1124"}],"curies":[{"name":"wp","href":"https:\/\/api.w.org\/{rel}","templated":true}]}}