{"id":100,"date":"2013-10-31T14:56:27","date_gmt":"2013-10-31T13:56:27","guid":{"rendered":"http:\/\/cpsanjuandelacadena.educacion.navarra.es\/web\/2013\/10\/31\/plan-estrategico\/"},"modified":"2015-02-25T20:17:27","modified_gmt":"2015-02-25T19:17:27","slug":"plan-estrategico","status":"publish","type":"page","link":"https:\/\/cpsanjuandelacadena.educacion.navarra.es\/web\/plan-estrategico\/","title":{"rendered":"Plan estrat\u00e9gico"},"content":{"rendered":"<table style=\"text-align: left; width: 100%;\" border=\"1\" cellspacing=\"2\" cellpadding=\"2\">\n<tbody>\n<tr>\n<td style=\"vertical-align: top; font-weight: bold;\">L\u00ednea 1<\/td>\n<td style=\"vertical-align: top; font-weight: bold;\">Educaci\u00f3n integral del alumnado<\/td>\n<\/tr>\n<tr>\n<td style=\"text-align: center; vertical-align: middle;\" rowspan=\"4\">Objetivos<\/td>\n<td style=\"vertical-align: top;\">1. Mejorar la atenci\u00f3n a la diversidad del alumnado.<\/td>\n<\/tr>\n<tr>\n<td style=\"vertical-align: top;\">2. Conseguir un buen nivel de conocimiento del alumnado (evaluaciones externas)<\/td>\n<\/tr>\n<tr>\n<td style=\"vertical-align: top;\">3. Fomentar la participaci\u00f3n del centro en actividades complementarias \/ extraescolares (torneos, semana blanca, intercambios, campamentos&#8230;)<\/td>\n<\/tr>\n<tr>\n<td style=\"vertical-align: top;\">4. Desarrollar la educaci\u00f3n socio-emocional y en valores del alumnado.<\/td>\n<\/tr>\n<tr>\n<td style=\"vertical-align: top; font-weight: bold;\">L\u00ednea 2<\/td>\n<td style=\"vertical-align: top; font-weight: bold;\">Comunidad educativa<\/td>\n<\/tr>\n<tr>\n<td style=\"vertical-align: middle; text-align: center;\" rowspan=\"4\">Objetivos<\/td>\n<td style=\"vertical-align: top;\">1. Fomentar la participaci\u00f3n activa de todos los miembros de la comunidad educativa en la vida del centro<\/td>\n<\/tr>\n<tr>\n<td style=\"vertical-align: top;\">2. Mejorar la comunicaci\u00f3n entre los distintos componentes de la comunidad educativa.<\/td>\n<\/tr>\n<tr>\n<td style=\"vertical-align: top;\">3. Fomentar la comunicaci\u00f3n y la imagen del centro hacia el exterior.<\/td>\n<\/tr>\n<tr>\n<td style=\"vertical-align: top;\">4. Posibilitar la formaci\u00f3n de las familias.<\/td>\n<\/tr>\n<tr>\n<td style=\"vertical-align: top; font-weight: bold;\">L\u00ednea 3<\/td>\n<td style=\"vertical-align: top; font-weight: bold;\">Innovaci\u00f3n educativa\/metodol\u00f3gica<\/td>\n<\/tr>\n<tr>\n<td style=\"vertical-align: middle; text-align: right;\" rowspan=\"3\">Objetivos<\/td>\n<td style=\"vertical-align: top;\">1. Mejorar la formaci\u00f3n del profesorado en competencias b\u00e1sicas<\/td>\n<\/tr>\n<tr>\n<td style=\"vertical-align: top;\">2. Elaborar programaciones orientadas a la adquisici\u00f3n de competencias<\/td>\n<\/tr>\n<tr>\n<td style=\"vertical-align: top;\">3. Llevar al aula metodolog\u00edas que promuevan la participaci\u00f3n activa de todo el alumnado<\/td>\n<\/tr>\n<tr>\n<td style=\"vertical-align: top; font-weight: bold;\">L\u00ednea 4<\/td>\n<td style=\"vertical-align: top; font-weight: bold;\">Uso de las TIC<\/td>\n<\/tr>\n<tr>\n<td style=\"vertical-align: middle; text-align: center;\" rowspan=\"2\">Objetivos<\/td>\n<td style=\"vertical-align: top;\">1.Aumentar el uso de las TIC en el aula<\/td>\n<\/tr>\n<tr>\n<td style=\"vertical-align: top;\">2. Utilizar las TIC (internet) como herramienta de comunicaci\u00f3n interna, hacia el exterior y desde el exterior<\/td>\n<\/tr>\n<tr>\n<td style=\"vertical-align: top; font-weight: bold;\">L\u00ednea 5<\/td>\n<td style=\"vertical-align: top; font-weight: bold;\">Lenguas distintas al castellano<\/td>\n<\/tr>\n<tr>\n<td style=\"vertical-align: middle; text-align: center;\" rowspan=\"4\">Objetivos<\/td>\n<td style=\"vertical-align: top;\">1. Mantener y formar al profesorado de lenguas<\/td>\n<\/tr>\n<tr>\n<td style=\"vertical-align: top;\">2. Mejorar las competencias del alumnado en lenguas distintas al castellano<\/td>\n<\/tr>\n<tr>\n<td style=\"vertical-align: top;\">3. Optimizar el uso de recursos (propios del centro y externos) para mejorar el aprendizaje<\/td>\n<\/tr>\n<tr>\n<td style=\"vertical-align: top;\">4. Innovaci\u00f3n metodol\u00f3gica del aprendizaje de idiomas.<\/td>\n<\/tr>\n<\/tbody>\n<\/table>\n<p>PLAN DE ACCI\u00d3N<\/p>\n<table style=\"text-align: left; width: 100%;\" border=\"1\" cellspacing=\"2\" cellpadding=\"2\">\n<tbody>\n<tr>\n<td style=\"vertical-align: top; font-weight: bold;\">L\u00ednea 1<\/td>\n<td style=\"vertical-align: top; font-weight: bold;\">Educaci\u00f3n integral del alumnado<\/td>\n<\/tr>\n<tr>\n<td style=\"vertical-align: middle; text-align: right;\" rowspan=\"11\">Acciones<\/td>\n<td style=\"vertical-align: top; font-weight: bold;\">Objetivo 1<\/td>\n<\/tr>\n<tr>\n<td style=\"vertical-align: top;\">1. Atenci\u00f3n a la diversidad del alumnado necesidades espec\u00edficas de apoyo educativo (ACNEAE)<\/td>\n<\/tr>\n<tr>\n<td style=\"vertical-align: top;\">2. Implementar los procesos de calidad: PR0206 (atenci\u00f3n a la diversidad), PR0205 (tutor\u00eda y orientaci\u00f3n) y PR0207 (convivencia)<\/td>\n<\/tr>\n<tr>\n<td style=\"vertical-align: top; font-weight: bold;\">Objetivo 2<\/td>\n<\/tr>\n<tr>\n<td style=\"vertical-align: top;\">3. Participar en las evaluaciones externas y, a partir de los resultados, proponer l\u00edneas de mejora generales y por ciclos.<\/td>\n<\/tr>\n<tr>\n<td style=\"vertical-align: top; font-weight: bold;\">Objetivo 3<\/td>\n<\/tr>\n<tr>\n<td style=\"vertical-align: top;\">4. Realizar actividades complementarias de m\u00e1s de un d\u00eda de duraci\u00f3n: euskera, ingl\u00e9s y nieve<\/td>\n<\/tr>\n<tr>\n<td style=\"vertical-align: top;\">5. Participar en actividades deportivas extraescolares (escuela deportiva o propuestas por otros componentes de la comunidad educativa u organismos externos)<\/td>\n<\/tr>\n<tr>\n<td style=\"vertical-align: top;\">6. Realizar actividades conjuntas con otros centros educativos<\/td>\n<\/tr>\n<tr>\n<td style=\"vertical-align: top; font-weight: bold;\">Objetivo 4<\/td>\n<\/tr>\n<tr>\n<td style=\"vertical-align: top;\">7. Dise\u00f1ar un plan de desarrollo de competencias socio-emocionales<\/td>\n<\/tr>\n<tr>\n<td style=\"vertical-align: top; font-weight: bold;\">L\u00ednea 2<\/td>\n<td style=\"vertical-align: top; font-weight: bold;\">Comunidad educativa<\/td>\n<\/tr>\n<tr>\n<td style=\"vertical-align: middle; text-align: center;\" rowspan=\"16\">Acciones<\/td>\n<td style=\"vertical-align: top;\"><span style=\"font-weight: bold;\">Objetivo 1<\/span><\/td>\n<\/tr>\n<tr>\n<td style=\"vertical-align: top;\">1. Reuniones peri\u00f3dicas regulares entre los distintos sectores de la comunidad escolar<\/td>\n<\/tr>\n<tr>\n<td style=\"vertical-align: top;\">2. Crear grupos de intercambio y planificaci\u00f3n (comisiones mixtas: padres, profesores, PAS, alumnos) para la organizaci\u00f3n de celebraciones especiales: Navidad, carnaval, semana de la lectura, semana de encuentros&#8230;<\/td>\n<\/tr>\n<tr>\n<td style=\"vertical-align: top;\">3. Implementar los procesos de calidad PR0302 (SQRA) y PR0304 (medici\u00f3n de la satisfacci\u00f3n)<\/td>\n<\/tr>\n<tr>\n<td style=\"vertical-align: top;\">4. Aprovechar el conocimiento experto de los distintos miembros de la comunidad escolar para enriquecer las actividades de aula y\/ la formaci\u00f3n de las familias (colaboraci\u00f3n de las familias y otros agentes en talleres, demostraciones como expertos, idiomas\u2026)<\/td>\n<\/tr>\n<tr>\n<td style=\"vertical-align: top;\">5. Mantener y potenciar el papel de la APYMA en el desarrollo de actividades extraescolares<\/td>\n<\/tr>\n<tr>\n<td style=\"vertical-align: top; font-weight: bold;\">Objetivo 2<\/td>\n<\/tr>\n<tr>\n<td style=\"vertical-align: top;\">6. Recoger informaci\u00f3n mediante entrevistas o encuestas sobre intereses y disponibilidad de las familias y otros agentes colaboradores (en colaboraci\u00f3n con la APYMA)<\/td>\n<\/tr>\n<tr>\n<td style=\"vertical-align: top;\">7. Potenciar el uso de la web de la APYMA como veh\u00edculo de comunicaci\u00f3n familias-direcci\u00f3n-junta<\/td>\n<\/tr>\n<tr>\n<td style=\"vertical-align: top; font-weight: bold;\">Objetivo 3<\/td>\n<\/tr>\n<tr>\n<td style=\"vertical-align: top;\">8. Enviar peri\u00f3dicamente noticias del centro a los peri\u00f3dicos locales<\/td>\n<\/tr>\n<tr>\n<td style=\"vertical-align: top;\">9. Enviar noticias del centro para ser publicadas en el bolet\u00edn del departamento<\/td>\n<\/tr>\n<tr>\n<td style=\"vertical-align: top;\">10. Contacto con el instituto N. Villoslada y los centros p\u00fablicos del distrito<\/td>\n<\/tr>\n<tr>\n<td style=\"vertical-align: top; font-weight: bold;\">Objetivo 4<\/td>\n<\/tr>\n<tr>\n<td style=\"vertical-align: top;\">11. Club de monta\u00f1a, tertulias literarias para adultos<\/td>\n<\/tr>\n<tr>\n<td style=\"vertical-align: top;\">12. Formaci\u00f3n de las familias: escuela de padres y madres, oferta de actividades formativas para padres\/madres (\u201cextraescolares\u201d) y recursos propios: orientadora, profesorado, padres, madres&#8230;<\/td>\n<\/tr>\n<tr>\n<td style=\"vertical-align: top; font-weight: bold;\">L\u00ednea 3<\/td>\n<td style=\"vertical-align: top; font-weight: bold;\">Innovaci\u00f3n educativa\/metodol\u00f3gica<\/td>\n<\/tr>\n<tr>\n<td style=\"vertical-align: middle; text-align: center;\" rowspan=\"18\">Acciones<\/td>\n<td style=\"vertical-align: top; font-weight: bold;\">Objetivo 1<\/td>\n<\/tr>\n<tr>\n<td style=\"vertical-align: top;\">1. Implementar el proceso PR0602 (Formaci\u00f3n)<\/td>\n<\/tr>\n<tr>\n<td style=\"vertical-align: top;\">2. Formaci\u00f3n en competencias b\u00e1sicas<\/td>\n<\/tr>\n<tr>\n<td style=\"vertical-align: top; font-weight: bold;\">Objetivo 2<\/td>\n<\/tr>\n<tr>\n<td style=\"vertical-align: top;\">3. Realizar programaciones basadas en competencias b\u00e1sicas y sistemas de evaluaci\u00f3n por competencias<\/td>\n<\/tr>\n<tr>\n<td style=\"vertical-align: top;\">4. Realizar una programaci\u00f3n general vertical para cada \u00e1rea en clave de competencias<\/td>\n<\/tr>\n<tr>\n<td style=\"vertical-align: top;\">5. Continuar con el plan de mejora de la lectura<\/td>\n<\/tr>\n<tr>\n<td style=\"vertical-align: top;\">6. Plan de mejora de la producci\u00f3n de textos. Concurso literario<\/td>\n<\/tr>\n<tr>\n<td style=\"vertical-align: top;\">7. Plan de mejora de la resoluci\u00f3n de problemas<\/td>\n<\/tr>\n<tr>\n<td style=\"vertical-align: top;\">8. Implementar los procesos de calidad: PR0202 (programaci\u00f3n), PR0203 (actividades de aula), PR0204 (evaluaci\u00f3n) y PR0208 (homogeneizaci\u00f3n y calibraci\u00f3n)<\/td>\n<\/tr>\n<tr>\n<td style=\"vertical-align: top; font-weight: bold;\">Objetivo 3<\/td>\n<\/tr>\n<tr>\n<td style=\"vertical-align: top;\">9. Incorporar el trabajo en equipo y aprendizaje de iguales en las aulas y grupos interactivos<\/td>\n<\/tr>\n<tr>\n<td style=\"vertical-align: top;\">10. Tertulias literarias de alumnado de tercer ciclo<\/td>\n<\/tr>\n<tr>\n<td style=\"vertical-align: top;\">11. Trabajo por proyectos: infantil, primaria<\/td>\n<\/tr>\n<tr>\n<td style=\"vertical-align: top;\">12. Realizar talleres: Kamishibai<\/td>\n<\/tr>\n<tr>\n<td style=\"vertical-align: top;\">13. Alumnado de cursos superiores exponen a grupos de nivel inferior sus conocimientos.<\/td>\n<\/tr>\n<tr>\n<td style=\"vertical-align: top;\">14. Participaci\u00f3n en proyectos de innovaci\u00f3n<\/td>\n<\/tr>\n<tr>\n<td style=\"vertical-align: top;\">15. Utilizaci\u00f3n de recursos disponibles variados: biblioteca,\u2026<\/td>\n<\/tr>\n<tr>\n<td style=\"vertical-align: top; font-weight: bold;\">L\u00ednea 4<\/td>\n<td style=\"vertical-align: top; font-weight: bold;\">Uso de las TIC<\/td>\n<\/tr>\n<tr>\n<td style=\"vertical-align: middle; text-align: center;\" rowspan=\"9\">Acciones<\/td>\n<td style=\"vertical-align: top;\"><span style=\"font-weight: bold;\">Objetivo 1<\/span><\/td>\n<\/tr>\n<tr>\n<td style=\"vertical-align: top;\">1. Incluir en las programaciones de aula actividades que impliquen el aprovechamiento de recursos de Internet.<\/td>\n<\/tr>\n<tr>\n<td style=\"vertical-align: top;\">2. Uso, por parte del alumnado, de recursos TIC (Internet, ordenadores, audiovisuales&#8230;)<\/td>\n<\/tr>\n<tr>\n<td style=\"vertical-align: top;\">3. Fomentar la utilizaci\u00f3n responsable de las TIC (participar en la propuesta de \u201cpantallas amigas\u201d)<\/td>\n<\/tr>\n<tr>\n<td style=\"vertical-align: top;\">4. Formaci\u00f3n del profesorado en el uso de la TIC<\/td>\n<\/tr>\n<tr>\n<td style=\"vertical-align: top;\">5. Utilizaci\u00f3n de blogs por parte del alumnado<\/td>\n<\/tr>\n<tr>\n<td style=\"vertical-align: top; font-weight: bold;\">Objetivo 2<\/td>\n<\/tr>\n<tr>\n<td style=\"vertical-align: top;\">6. Uso de la web como herramienta de apertura del centro hacia el exterior<\/td>\n<\/tr>\n<tr>\n<td style=\"vertical-align: top;\">7. Utilizaci\u00f3n de la Intranet y del correo electr\u00f3nico del centro.<\/td>\n<\/tr>\n<tr>\n<td style=\"vertical-align: top; font-weight: bold;\">L\u00ednea 5<\/td>\n<td style=\"vertical-align: top;\"><span style=\"font-weight: bold;\">Mejorar las competencias del alumnado en lenguas distintas al castellano<\/span><\/td>\n<\/tr>\n<tr>\n<td style=\"vertical-align: middle; text-align: center;\" rowspan=\"15\">Acciones<\/td>\n<td style=\"vertical-align: top; font-weight: bold;\">Objetivo 1<\/td>\n<\/tr>\n<tr>\n<td style=\"vertical-align: top;\">1. Formaci\u00f3n del profesorado de lenguas<\/td>\n<\/tr>\n<tr>\n<td style=\"vertical-align: top;\">2. Mantener y atraer profesorado competente para el modelo PAI<\/td>\n<\/tr>\n<tr>\n<td style=\"vertical-align: top; font-weight: bold;\">Objetivo 2<\/td>\n<\/tr>\n<tr>\n<td style=\"vertical-align: top;\">3. Continuar con la elaboraci\u00f3n del plan ling\u00fc\u00edstico del centro<\/td>\n<\/tr>\n<tr>\n<td style=\"vertical-align: top;\">4. Evaluar implantaci\u00f3n del PAI<\/td>\n<\/tr>\n<tr>\n<td style=\"vertical-align: top;\">5. Hacer compatible el modelo A con el aprendizaje del alem\u00e1n en el tercer ciclo<\/td>\n<\/tr>\n<tr>\n<td style=\"vertical-align: top; font-weight: bold;\">Objetivo 3<\/td>\n<\/tr>\n<tr>\n<td style=\"vertical-align: top;\">6. Adaptar\/traducir kamishibais a ingl\u00e9s y euskera. Aprovechar el recurso dentro de las actividades realizadas en dichas lenguas<\/td>\n<\/tr>\n<tr>\n<td style=\"vertical-align: top;\">7. Ampliar y potenciar la biblioteca de pr\u00e9stamo en distintas lenguas, incluyendo libros y recursos audiovisuales<\/td>\n<\/tr>\n<tr>\n<td style=\"vertical-align: top;\">8. Participar en programas de intercambios de alumnado<\/td>\n<\/tr>\n<tr>\n<td style=\"vertical-align: top;\">9. Coordinar con la APYMA para que se oferten actividades extraescolares que refuercen las otras lenguas impartidas en el centro.<\/td>\n<\/tr>\n<tr>\n<td style=\"vertical-align: top; font-weight: bold;\">Objetivo 4<\/td>\n<\/tr>\n<tr>\n<td style=\"vertical-align: top;\">10. Integrar idiomas en el trabajo por proyectos. Trabajo integrado de las lenguas.<\/td>\n<\/tr>\n<tr>\n<td style=\"vertical-align: top;\">11.Optimizar el uso de recursos (propios del centro y externos) para mejorar el aprendizaje<\/td>\n<\/tr>\n<\/tbody>\n<\/table>\n","protected":false},"excerpt":{"rendered":"<p>L\u00ednea 1 Educaci\u00f3n integral del alumnado Objetivos 1. Mejorar la atenci\u00f3n a la diversidad del alumnado. 2. Conseguir un buen nivel de conocimiento del alumnado (evaluaciones externas) 3. Fomentar la participaci\u00f3n del centro en actividades complementarias \/ extraescolares (torneos, semana blanca, intercambios, campamentos&#8230;) 4. Desarrollar la educaci\u00f3n socio-emocional y en valores del alumnado. L\u00ednea 2 [&hellip;]<\/p>\n","protected":false},"author":1,"featured_media":0,"parent":0,"menu_order":3,"comment_status":"closed","ping_status":"closed","template":"","meta":{"_genesis_hide_title":false,"_genesis_hide_breadcrumbs":false,"_genesis_hide_singular_image":false,"_genesis_hide_footer_widgets":false,"_genesis_custom_body_class":"","_genesis_custom_post_class":"","_genesis_layout":""},"yoast_head":"<!-- This site is optimized with the Yoast SEO plugin v19.13 - https:\/\/yoast.com\/wordpress\/plugins\/seo\/ -->\n<title>Plan estrat\u00e9gico - CP San Juan de la Cadena - Pamplona<\/title>\n<meta name=\"robots\" content=\"index, follow, max-snippet:-1, max-image-preview:large, max-video-preview:-1\" \/>\n<link rel=\"canonical\" href=\"https:\/\/cpsanjuandelacadena.educacion.navarra.es\/web\/plan-estrategico\/\" \/>\n<meta property=\"og:locale\" content=\"es_ES\" \/>\n<meta property=\"og:type\" content=\"article\" \/>\n<meta property=\"og:title\" content=\"Plan estrat\u00e9gico - CP San Juan de la Cadena - Pamplona\" \/>\n<meta property=\"og:description\" content=\"L\u00ednea 1 Educaci\u00f3n integral del alumnado Objetivos 1. Mejorar la atenci\u00f3n a la diversidad del alumnado. 2. Conseguir un buen nivel de conocimiento del alumnado (evaluaciones externas) 3. Fomentar la participaci\u00f3n del centro en actividades complementarias \/ extraescolares (torneos, semana blanca, intercambios, campamentos&#8230;) 4. Desarrollar la educaci\u00f3n socio-emocional y en valores del alumnado. L\u00ednea 2 [&hellip;]\" \/>\n<meta property=\"og:url\" content=\"https:\/\/cpsanjuandelacadena.educacion.navarra.es\/web\/plan-estrategico\/\" \/>\n<meta property=\"og:site_name\" content=\"CP San Juan de la Cadena - Pamplona\" \/>\n<meta property=\"article:modified_time\" content=\"2015-02-25T19:17:27+00:00\" \/>\n<meta name=\"twitter:card\" content=\"summary_large_image\" \/>\n<meta name=\"twitter:label1\" content=\"Tiempo de lectura\" \/>\n\t<meta name=\"twitter:data1\" content=\"5 minutos\" \/>\n<script type=\"application\/ld+json\" class=\"yoast-schema-graph\">{\"@context\":\"https:\/\/schema.org\",\"@graph\":[{\"@type\":\"WebPage\",\"@id\":\"https:\/\/cpsanjuandelacadena.educacion.navarra.es\/web\/plan-estrategico\/\",\"url\":\"https:\/\/cpsanjuandelacadena.educacion.navarra.es\/web\/plan-estrategico\/\",\"name\":\"Plan estrat\u00e9gico - CP San Juan de la Cadena - Pamplona\",\"isPartOf\":{\"@id\":\"https:\/\/cpsanjuandelacadena.educacion.navarra.es\/web\/#website\"},\"datePublished\":\"2013-10-31T13:56:27+00:00\",\"dateModified\":\"2015-02-25T19:17:27+00:00\",\"breadcrumb\":{\"@id\":\"https:\/\/cpsanjuandelacadena.educacion.navarra.es\/web\/plan-estrategico\/#breadcrumb\"},\"inLanguage\":\"es\",\"potentialAction\":[{\"@type\":\"ReadAction\",\"target\":[\"https:\/\/cpsanjuandelacadena.educacion.navarra.es\/web\/plan-estrategico\/\"]}]},{\"@type\":\"BreadcrumbList\",\"@id\":\"https:\/\/cpsanjuandelacadena.educacion.navarra.es\/web\/plan-estrategico\/#breadcrumb\",\"itemListElement\":[{\"@type\":\"ListItem\",\"position\":1,\"name\":\"Home\",\"item\":\"https:\/\/cpsanjuandelacadena.educacion.navarra.es\/web\/\"},{\"@type\":\"ListItem\",\"position\":2,\"name\":\"Plan estrat\u00e9gico\"}]},{\"@type\":\"WebSite\",\"@id\":\"https:\/\/cpsanjuandelacadena.educacion.navarra.es\/web\/#website\",\"url\":\"https:\/\/cpsanjuandelacadena.educacion.navarra.es\/web\/\",\"name\":\"CP San Juan de la Cadena - Pamplona\",\"description\":\"Sitio web del CP San Juan de la Cadena\",\"potentialAction\":[{\"@type\":\"SearchAction\",\"target\":{\"@type\":\"EntryPoint\",\"urlTemplate\":\"https:\/\/cpsanjuandelacadena.educacion.navarra.es\/web\/?s={search_term_string}\"},\"query-input\":\"required name=search_term_string\"}],\"inLanguage\":\"es\"}]}<\/script>\n<!-- \/ Yoast SEO plugin. -->","yoast_head_json":{"title":"Plan estrat\u00e9gico - CP San Juan de la Cadena - Pamplona","robots":{"index":"index","follow":"follow","max-snippet":"max-snippet:-1","max-image-preview":"max-image-preview:large","max-video-preview":"max-video-preview:-1"},"canonical":"https:\/\/cpsanjuandelacadena.educacion.navarra.es\/web\/plan-estrategico\/","og_locale":"es_ES","og_type":"article","og_title":"Plan estrat\u00e9gico - CP San Juan de la Cadena - Pamplona","og_description":"L\u00ednea 1 Educaci\u00f3n integral del alumnado Objetivos 1. Mejorar la atenci\u00f3n a la diversidad del alumnado. 2. Conseguir un buen nivel de conocimiento del alumnado (evaluaciones externas) 3. Fomentar la participaci\u00f3n del centro en actividades complementarias \/ extraescolares (torneos, semana blanca, intercambios, campamentos&#8230;) 4. Desarrollar la educaci\u00f3n socio-emocional y en valores del alumnado. L\u00ednea 2 [&hellip;]","og_url":"https:\/\/cpsanjuandelacadena.educacion.navarra.es\/web\/plan-estrategico\/","og_site_name":"CP San Juan de la Cadena - Pamplona","article_modified_time":"2015-02-25T19:17:27+00:00","twitter_card":"summary_large_image","twitter_misc":{"Tiempo de lectura":"5 minutos"},"schema":{"@context":"https:\/\/schema.org","@graph":[{"@type":"WebPage","@id":"https:\/\/cpsanjuandelacadena.educacion.navarra.es\/web\/plan-estrategico\/","url":"https:\/\/cpsanjuandelacadena.educacion.navarra.es\/web\/plan-estrategico\/","name":"Plan estrat\u00e9gico - CP San Juan de la Cadena - Pamplona","isPartOf":{"@id":"https:\/\/cpsanjuandelacadena.educacion.navarra.es\/web\/#website"},"datePublished":"2013-10-31T13:56:27+00:00","dateModified":"2015-02-25T19:17:27+00:00","breadcrumb":{"@id":"https:\/\/cpsanjuandelacadena.educacion.navarra.es\/web\/plan-estrategico\/#breadcrumb"},"inLanguage":"es","potentialAction":[{"@type":"ReadAction","target":["https:\/\/cpsanjuandelacadena.educacion.navarra.es\/web\/plan-estrategico\/"]}]},{"@type":"BreadcrumbList","@id":"https:\/\/cpsanjuandelacadena.educacion.navarra.es\/web\/plan-estrategico\/#breadcrumb","itemListElement":[{"@type":"ListItem","position":1,"name":"Home","item":"https:\/\/cpsanjuandelacadena.educacion.navarra.es\/web\/"},{"@type":"ListItem","position":2,"name":"Plan estrat\u00e9gico"}]},{"@type":"WebSite","@id":"https:\/\/cpsanjuandelacadena.educacion.navarra.es\/web\/#website","url":"https:\/\/cpsanjuandelacadena.educacion.navarra.es\/web\/","name":"CP San Juan de la Cadena - Pamplona","description":"Sitio web del CP San Juan de la Cadena","potentialAction":[{"@type":"SearchAction","target":{"@type":"EntryPoint","urlTemplate":"https:\/\/cpsanjuandelacadena.educacion.navarra.es\/web\/?s={search_term_string}"},"query-input":"required name=search_term_string"}],"inLanguage":"es"}]}},"_links":{"self":[{"href":"https:\/\/cpsanjuandelacadena.educacion.navarra.es\/web\/wp-json\/wp\/v2\/pages\/100"}],"collection":[{"href":"https:\/\/cpsanjuandelacadena.educacion.navarra.es\/web\/wp-json\/wp\/v2\/pages"}],"about":[{"href":"https:\/\/cpsanjuandelacadena.educacion.navarra.es\/web\/wp-json\/wp\/v2\/types\/page"}],"author":[{"embeddable":true,"href":"https:\/\/cpsanjuandelacadena.educacion.navarra.es\/web\/wp-json\/wp\/v2\/users\/1"}],"replies":[{"embeddable":true,"href":"https:\/\/cpsanjuandelacadena.educacion.navarra.es\/web\/wp-json\/wp\/v2\/comments?post=100"}],"version-history":[{"count":0,"href":"https:\/\/cpsanjuandelacadena.educacion.navarra.es\/web\/wp-json\/wp\/v2\/pages\/100\/revisions"}],"wp:attachment":[{"href":"https:\/\/cpsanjuandelacadena.educacion.navarra.es\/web\/wp-json\/wp\/v2\/media?parent=100"}],"curies":[{"name":"wp","href":"https:\/\/api.w.org\/{rel}","templated":true}]}}