{"id":7,"date":"2012-01-17T12:57:56","date_gmt":"2012-01-17T12:57:56","guid":{"rendered":"http:\/\/centros.educacion.navarra.es\/devcursos\/cursowp2012\/jzozayal\/?page_id=2"},"modified":"2021-10-09T10:46:48","modified_gmt":"2021-10-09T10:46:48","slug":"empieza-por-aqui","status":"publish","type":"page","link":"https:\/\/cpsanjuandelacadena.educacion.navarra.es\/blogs\/ciclo3\/empieza-por-aqui\/","title":{"rendered":"Empieza por aqu\u00ed"},"content":{"rendered":"<p><a href=\"https:\/\/cpsanjuandelacadena.educacion.navarra.es\/blogs\/ciclo3\/files\/2012\/01\/bienvenida.png\"><img loading=\"lazy\" class=\"alignright size-full wp-image-213\" title=\"bienvenida\" src=\"https:\/\/cpsanjuandelacadena.educacion.navarra.es\/blogs\/ciclo3\/files\/2012\/01\/bienvenida.png\" alt=\"\" width=\"223\" height=\"212\" srcset=\"https:\/\/cpsanjuandelacadena.educacion.navarra.es\/blogs\/ciclo3\/files\/2012\/01\/bienvenida.png 223w, https:\/\/cpsanjuandelacadena.educacion.navarra.es\/blogs\/ciclo3\/files\/2012\/01\/bienvenida-157x150.png 157w\" sizes=\"(max-width: 223px) 100vw, 223px\" \/><\/a>En este blog queremos publicar algunos de los trabajos que hacemos en clase.<br \/>\nComo ver\u00e9is, hay un apartado en el que incluiremos textos, presentaciones y v\u00eddeos sobre temas que hemos trabajado.<br \/>\nTambi\u00e9n iremos publicando noticias, comentarios y aportaciones a las tertulias literarias de libros que leemos en la biblioteca.<\/p>\n<p>Queremos plasmar en este blog parte de lo que es nuestra vida escolar. Esperamos que os guste. \u00a1Escribe un comentario en el art\u00edculo que te haya llamado la atenci\u00f3n!<\/p>\n<p>Si quer\u00e9is tener informaci\u00f3n sobre nuestro centro, no dej\u00e9is de visitar el sitio web del <a href=\"http:\/\/cpsanjuandelacadena.educacion.navarra.es\/\" target=\"_blank\" rel=\"noopener\">colegio<\/a>.<\/p>\n","protected":false},"excerpt":{"rendered":"<p>En este blog queremos publicar algunos de los trabajos que hacemos en clase. Como ver\u00e9is, hay un apartado en el que incluiremos textos, presentaciones y v\u00eddeos sobre temas que hemos [&hellip;]<\/p>\n","protected":false},"author":2,"featured_media":0,"parent":0,"menu_order":0,"comment_status":"closed","ping_status":"closed","template":"","meta":{"_links_to":"","_links_to_target":""},"_links":{"self":[{"href":"https:\/\/cpsanjuandelacadena.educacion.navarra.es\/blogs\/ciclo3\/wp-json\/wp\/v2\/pages\/7"}],"collection":[{"href":"https:\/\/cpsanjuandelacadena.educacion.navarra.es\/blogs\/ciclo3\/wp-json\/wp\/v2\/pages"}],"about":[{"href":"https:\/\/cpsanjuandelacadena.educacion.navarra.es\/blogs\/ciclo3\/wp-json\/wp\/v2\/types\/page"}],"author":[{"embeddable":true,"href":"https:\/\/cpsanjuandelacadena.educacion.navarra.es\/blogs\/ciclo3\/wp-json\/wp\/v2\/users\/2"}],"replies":[{"embeddable":true,"href":"https:\/\/cpsanjuandelacadena.educacion.navarra.es\/blogs\/ciclo3\/wp-json\/wp\/v2\/comments?post=7"}],"version-history":[{"count":0,"href":"https:\/\/cpsanjuandelacadena.educacion.navarra.es\/blogs\/ciclo3\/wp-json\/wp\/v2\/pages\/7\/revisions"}],"wp:attachment":[{"href":"https:\/\/cpsanjuandelacadena.educacion.navarra.es\/blogs\/ciclo3\/wp-json\/wp\/v2\/media?parent=7"}],"curies":[{"name":"wp","href":"https:\/\/api.w.org\/{rel}","templated":true}]}}